{"id":34,"date":"2025-07-13T08:50:35","date_gmt":"2025-07-13T07:50:35","guid":{"rendered":"https:\/\/scan-architecture.com\/?page_id=34"},"modified":"2025-07-29T18:49:58","modified_gmt":"2025-07-29T17:49:58","slug":"brb","status":"publish","type":"page","link":"https:\/\/scan-architecture.com\/index.php\/brb\/","title":{"rendered":"BRB"},"content":{"rendered":"\n<p><strong>H\u00f4pital Henry Mondor, Cr\u00e9teil (91)<\/strong><br>5000m2 de laboratoires d\u00e9di\u00e9 a la recherche biom\u00e9dicale<br>Ma\u00eetrise d\u2019Ouvrage&nbsp;: H\u00f4pital Henry Mondor<br>Mandataire&nbsp;: Nickl &amp; Partner<br>Proc\u00e9dure : Loi MOP<br>R\u00f4le&nbsp;: Architecte, du concours au permis de construire<\/p>\n\n\n\n<figure class=\"wp-block-image size-large\"><img loading=\"lazy\" decoding=\"async\" width=\"1024\" height=\"668\" src=\"https:\/\/scan-architecture.com\/wp-content\/uploads\/2025\/07\/BRB_CURA-4-1024x668.jpg\" alt=\"\" class=\"wp-image-35\" srcset=\"https:\/\/scan-architecture.com\/wp-content\/uploads\/2025\/07\/BRB_CURA-4-1024x668.jpg 1024w, https:\/\/scan-architecture.com\/wp-content\/uploads\/2025\/07\/BRB_CURA-4-300x196.jpg 300w, https:\/\/scan-architecture.com\/wp-content\/uploads\/2025\/07\/BRB_CURA-4-768x501.jpg 768w, https:\/\/scan-architecture.com\/wp-content\/uploads\/2025\/07\/BRB_CURA-4-1536x1003.jpg 1536w, https:\/\/scan-architecture.com\/wp-content\/uploads\/2025\/07\/BRB_CURA-4-2048x1337.jpg 2048w\" sizes=\"auto, (max-width: 1024px) 100vw, 1024px\" \/><\/figure>\n\n\n\n<p>Dans l\u2019enceinte de l&#8217;H\u00f4pital Henri-Mondor, un lieu d\u00e9j\u00e0 satur\u00e9 de signification et de pr\u00e9sence, le B\u00e2timent de Recherche Biom\u00e9dicale (BRB) se glisse presque furtivement, comme une rupture discr\u00e8te dans la g\u00e9om\u00e9trie ordonn\u00e9e de l\u2019h\u00f4pital. De forme trap\u00e9zo\u00efdale, il brise l\u2019uniformit\u00e9 des volumes environnants et s\u2019impose par une audace formelle qui, paradoxalement, s&#8217;int\u00e8gre parfaitement dans ce monde de b\u00e9ton et de soins.<\/p>\n\n\n\n<figure class=\"wp-block-image size-large\"><img loading=\"lazy\" decoding=\"async\" width=\"1024\" height=\"737\" src=\"https:\/\/scan-architecture.com\/wp-content\/uploads\/2025\/07\/BRB_CURA-3-1024x737.jpg\" alt=\"\" class=\"wp-image-36\" srcset=\"https:\/\/scan-architecture.com\/wp-content\/uploads\/2025\/07\/BRB_CURA-3-1024x737.jpg 1024w, https:\/\/scan-architecture.com\/wp-content\/uploads\/2025\/07\/BRB_CURA-3-300x216.jpg 300w, https:\/\/scan-architecture.com\/wp-content\/uploads\/2025\/07\/BRB_CURA-3-768x553.jpg 768w, https:\/\/scan-architecture.com\/wp-content\/uploads\/2025\/07\/BRB_CURA-3-1536x1106.jpg 1536w, https:\/\/scan-architecture.com\/wp-content\/uploads\/2025\/07\/BRB_CURA-3-2048x1475.jpg 2048w\" sizes=\"auto, (max-width: 1024px) 100vw, 1024px\" \/><\/figure>\n\n\n\n<p>Le projet, dans sa qu\u00eate de compacit\u00e9 et de fonctionnalit\u00e9, r\u00e9pond aux exigences d&#8217;un programme complexe, r\u00e9unissant sous un m\u00eame toit des recherches aux enjeux vitaux : la production de vaccins exp\u00e9rimentaux, l\u2019\u00e9tude de virus contagieux comme l\u2019Ebola, ainsi qu\u2019un espace d\u2019exp\u00e9rimentation animale et une chambre de simulation atmosph\u00e9rique. Dans ce lieu dense, chaque centim\u00e8tre est un compromis entre la rigueur scientifique et la n\u00e9cessaire flexibilit\u00e9 des espaces.<\/p>\n\n\n\n<figure class=\"wp-block-image size-large\"><img loading=\"lazy\" decoding=\"async\" width=\"1024\" height=\"737\" src=\"https:\/\/scan-architecture.com\/wp-content\/uploads\/2025\/07\/BRB_CURA-2-1024x737.jpg\" alt=\"\" class=\"wp-image-37\" srcset=\"https:\/\/scan-architecture.com\/wp-content\/uploads\/2025\/07\/BRB_CURA-2-1024x737.jpg 1024w, https:\/\/scan-architecture.com\/wp-content\/uploads\/2025\/07\/BRB_CURA-2-300x216.jpg 300w, https:\/\/scan-architecture.com\/wp-content\/uploads\/2025\/07\/BRB_CURA-2-768x553.jpg 768w, https:\/\/scan-architecture.com\/wp-content\/uploads\/2025\/07\/BRB_CURA-2-1536x1106.jpg 1536w, https:\/\/scan-architecture.com\/wp-content\/uploads\/2025\/07\/BRB_CURA-2-2048x1475.jpg 2048w\" sizes=\"auto, (max-width: 1024px) 100vw, 1024px\" \/><\/figure>\n\n\n\n<p>L&#8217;architecture du BRB n\u2019est pas simplement un cadre ; elle incarne une philosophie. En observant la diversit\u00e9 des projets men\u00e9s ici, l\u2019\u00e9quipe de Nickl &amp; Partner a vu une opportunit\u00e9 pour favoriser les rencontres et, peut-\u00eatre, les d\u00e9couvertes fortuites. Les espaces de d\u00e9tente et de rencontre, modestement symbolis\u00e9s par une machine \u00e0 caf\u00e9, sont con\u00e7us pour insuffler une dynamique transversale. La structure elle-m\u00eame, compos\u00e9e de consoles pr\u00e9fabriqu\u00e9es supportant les \u00e9tages en porte-\u00e0-faux, est une allusion \u00e0 la biologie, ce qui renforce encore l\u2019id\u00e9e que l\u2019architecture ne soit pas que l\u2019habillage d\u2019un programme, mais un acteur \u00e0 part enti\u00e8re de la recherche.<\/p>\n\n\n\n<figure class=\"wp-block-image size-large\"><img loading=\"lazy\" decoding=\"async\" width=\"1024\" height=\"819\" src=\"https:\/\/scan-architecture.com\/wp-content\/uploads\/2025\/07\/BRB_CURA-1-1024x819.jpg\" alt=\"\" class=\"wp-image-38\" srcset=\"https:\/\/scan-architecture.com\/wp-content\/uploads\/2025\/07\/BRB_CURA-1-1024x819.jpg 1024w, https:\/\/scan-architecture.com\/wp-content\/uploads\/2025\/07\/BRB_CURA-1-300x240.jpg 300w, https:\/\/scan-architecture.com\/wp-content\/uploads\/2025\/07\/BRB_CURA-1-768x614.jpg 768w, https:\/\/scan-architecture.com\/wp-content\/uploads\/2025\/07\/BRB_CURA-1-1536x1229.jpg 1536w, https:\/\/scan-architecture.com\/wp-content\/uploads\/2025\/07\/BRB_CURA-1-2048x1638.jpg 2048w\" sizes=\"auto, (max-width: 1024px) 100vw, 1024px\" \/><\/figure>\n\n\n\n<p>Vincent, au sein de l\u2019agence Nickl &amp; Partner, a suivi ce projet de son \u00e9bauche jusqu\u2019au permis de construire. Sa pr\u00e9sence tout au long du processus a permis d\u2019assurer une coordination fine entre les multiples acteurs impliqu\u00e9s, garantissant une communication fluide et une bonne gestion des enjeux<\/p>\n\n\n\n<figure class=\"wp-block-image size-large\"><img loading=\"lazy\" decoding=\"async\" width=\"1024\" height=\"1024\" src=\"https:\/\/scan-architecture.com\/wp-content\/uploads\/2025\/07\/BRB_Coupe_250-1024x1024.png\" alt=\"\" class=\"wp-image-39\" srcset=\"https:\/\/scan-architecture.com\/wp-content\/uploads\/2025\/07\/BRB_Coupe_250-1024x1024.png 1024w, https:\/\/scan-architecture.com\/wp-content\/uploads\/2025\/07\/BRB_Coupe_250-300x300.png 300w, https:\/\/scan-architecture.com\/wp-content\/uploads\/2025\/07\/BRB_Coupe_250-150x150.png 150w, https:\/\/scan-architecture.com\/wp-content\/uploads\/2025\/07\/BRB_Coupe_250-768x768.png 768w, https:\/\/scan-architecture.com\/wp-content\/uploads\/2025\/07\/BRB_Coupe_250-1536x1536.png 1536w, https:\/\/scan-architecture.com\/wp-content\/uploads\/2025\/07\/BRB_Coupe_250-2048x2048.png 2048w\" sizes=\"auto, (max-width: 1024px) 100vw, 1024px\" \/><\/figure>\n\n\n\n<p>Ce b\u00e2timent r\u00e9ussit \u00e0 int\u00e9grer l\u2019ambition d\u2019un programme \u00e0 la fois complexe et \u00e9volutif, tout en parvenant \u00e0 offrir une grande simplicit\u00e9 formelle. Un mod\u00e8le de rationalit\u00e9 constructible et de flexibilit\u00e9 \u00e0 long terme, con\u00e7u pour s\u2019adapter aux mutations futures du monde de la recherche biom\u00e9dicale.<\/p>\n\n\n\n<figure class=\"wp-block-image alignright size-large is-resized\"><a href=\"https:\/\/scan-architecture.com\/index.php\/rue-philibert-delorme-paris-17\/\"><img loading=\"lazy\" decoding=\"async\" width=\"768\" height=\"1024\" src=\"https:\/\/scan-architecture.com\/wp-content\/uploads\/2025\/07\/PDL_CURA-9-1-768x1024.jpg\" alt=\"\" class=\"wp-image-52\" style=\"width:137px;height:auto\" srcset=\"https:\/\/scan-architecture.com\/wp-content\/uploads\/2025\/07\/PDL_CURA-9-1-768x1024.jpg 768w, https:\/\/scan-architecture.com\/wp-content\/uploads\/2025\/07\/PDL_CURA-9-1-225x300.jpg 225w, https:\/\/scan-architecture.com\/wp-content\/uploads\/2025\/07\/PDL_CURA-9-1-1152x1536.jpg 1152w, https:\/\/scan-architecture.com\/wp-content\/uploads\/2025\/07\/PDL_CURA-9-1-1536x2048.jpg 1536w, https:\/\/scan-architecture.com\/wp-content\/uploads\/2025\/07\/PDL_CURA-9-1.jpg 1875w\" sizes=\"auto, (max-width: 768px) 100vw, 768px\" \/><\/a><\/figure>\n\n\n\n<figure class=\"wp-block-image alignleft size-large is-resized\"><a href=\"https:\/\/scan-architecture.com\/index.php\/saint-louis\/\"><img loading=\"lazy\" decoding=\"async\" width=\"681\" height=\"1024\" src=\"https:\/\/scan-architecture.com\/wp-content\/uploads\/2025\/07\/SL1_CURA-3-681x1024.jpg\" alt=\"\" class=\"wp-image-53\" style=\"width:130px;height:auto\" srcset=\"https:\/\/scan-architecture.com\/wp-content\/uploads\/2025\/07\/SL1_CURA-3-681x1024.jpg 681w, https:\/\/scan-architecture.com\/wp-content\/uploads\/2025\/07\/SL1_CURA-3-199x300.jpg 199w, https:\/\/scan-architecture.com\/wp-content\/uploads\/2025\/07\/SL1_CURA-3-768x1155.jpg 768w, https:\/\/scan-architecture.com\/wp-content\/uploads\/2025\/07\/SL1_CURA-3-1021x1536.jpg 1021w, https:\/\/scan-architecture.com\/wp-content\/uploads\/2025\/07\/SL1_CURA-3-1362x2048.jpg 1362w, https:\/\/scan-architecture.com\/wp-content\/uploads\/2025\/07\/SL1_CURA-3.jpg 1662w\" sizes=\"auto, (max-width: 681px) 100vw, 681px\" \/><\/a><\/figure>\n","protected":false},"excerpt":{"rendered":"<p>H\u00f4pital Henry Mondor, Cr\u00e9teil (91)5000m2 de laboratoires d\u00e9di\u00e9 a la recherche biom\u00e9dicaleMa\u00eetrise d\u2019Ouvrage&nbsp;: H\u00f4pital Henry MondorMandataire&nbsp;: Nickl &amp; PartnerProc\u00e9dure : Loi MOPR\u00f4le&nbsp;: Architecte, du concours au permis de construire Dans l\u2019enceinte de l&#8217;H\u00f4pital Henri-Mondor, un lieu d\u00e9j\u00e0 satur\u00e9 de signification et de pr\u00e9sence, le B\u00e2timent de Recherche Biom\u00e9dicale (BRB) se glisse presque furtivement, comme une [&hellip;]<\/p>\n","protected":false},"author":1,"featured_media":0,"parent":0,"menu_order":0,"comment_status":"closed","ping_status":"closed","template":"","meta":{"footnotes":""},"class_list":["post-34","page","type-page","status-publish","hentry"],"yoast_head":"<!-- This site is optimized with the Yoast SEO plugin v25.6 - https:\/\/yoast.com\/wordpress\/plugins\/seo\/ -->\n<title>BRB -<\/title>\n<meta name=\"description\" content=\"architecture hospitali\u00e8re, b\u00e2timent de recherche biom\u00e9dicale, architecture laboratoire, architecture m\u00e9dicale, h\u00f4pital Henri-Mondor, Nickl &amp; Partner architectes, recherche scientifique, laboratoire haute s\u00e9curit\u00e9, simulateur atmosph\u00e9rique, production de vaccins exp\u00e9rimentaux, architecture et innovation biom\u00e9dicale, architecture contemporaine sant\u00e9, b\u00e2timent de recherche Cr\u00e9teil, architecture en porte-\u00e0-faux, fa\u00e7ade \u00e0 lames orientables, double peau b\u00e2timent, lumi\u00e8re naturelle architecture, atrium lumineux, architecture campus hospitalier, architecture et flexibilit\u00e9, b\u00e2timent de sant\u00e9 publique, architecture et transparence, design et sciences, architecture biologie, architecture modulaire recherche\" \/>\n<meta name=\"robots\" content=\"index, follow, max-snippet:-1, max-image-preview:large, max-video-preview:-1\" \/>\n<link rel=\"canonical\" href=\"https:\/\/scan-architecture.com\/index.php\/brb\/\" \/>\n<meta property=\"og:locale\" content=\"en_US\" \/>\n<meta property=\"og:type\" content=\"article\" \/>\n<meta property=\"og:title\" content=\"BRB -\" \/>\n<meta property=\"og:description\" content=\"architecture hospitali\u00e8re, b\u00e2timent de recherche biom\u00e9dicale, architecture laboratoire, architecture m\u00e9dicale, h\u00f4pital Henri-Mondor, Nickl &amp; Partner architectes, recherche scientifique, laboratoire haute s\u00e9curit\u00e9, simulateur atmosph\u00e9rique, production de vaccins exp\u00e9rimentaux, architecture et innovation biom\u00e9dicale, architecture contemporaine sant\u00e9, b\u00e2timent de recherche Cr\u00e9teil, architecture en porte-\u00e0-faux, fa\u00e7ade \u00e0 lames orientables, double peau b\u00e2timent, lumi\u00e8re naturelle architecture, atrium lumineux, architecture campus hospitalier, architecture et flexibilit\u00e9, b\u00e2timent de sant\u00e9 publique, architecture et transparence, design et sciences, architecture biologie, architecture modulaire recherche\" \/>\n<meta property=\"og:url\" content=\"https:\/\/scan-architecture.com\/index.php\/brb\/\" \/>\n<meta property=\"article:modified_time\" content=\"2025-07-29T17:49:58+00:00\" \/>\n<meta property=\"og:image\" content=\"https:\/\/scan-architecture.com\/wp-content\/uploads\/2025\/07\/BRB_CURA-4.jpg\" \/>\n\t<meta property=\"og:image:width\" content=\"2500\" \/>\n\t<meta property=\"og:image:height\" content=\"1632\" \/>\n\t<meta property=\"og:image:type\" content=\"image\/jpeg\" \/>\n<meta name=\"twitter:card\" content=\"summary_large_image\" \/>\n<meta name=\"twitter:label1\" content=\"Est. reading time\" \/>\n\t<meta name=\"twitter:data1\" content=\"3 minutes\" \/>\n<script type=\"application\/ld+json\" class=\"yoast-schema-graph\">{\"@context\":\"https:\/\/schema.org\",\"@graph\":[{\"@type\":\"WebPage\",\"@id\":\"https:\/\/scan-architecture.com\/index.php\/brb\/\",\"url\":\"https:\/\/scan-architecture.com\/index.php\/brb\/\",\"name\":\"BRB -\",\"isPartOf\":{\"@id\":\"https:\/\/scan-architecture.com\/#website\"},\"primaryImageOfPage\":{\"@id\":\"https:\/\/scan-architecture.com\/index.php\/brb\/#primaryimage\"},\"image\":{\"@id\":\"https:\/\/scan-architecture.com\/index.php\/brb\/#primaryimage\"},\"thumbnailUrl\":\"https:\/\/scan-architecture.com\/wp-content\/uploads\/2025\/07\/BRB_CURA-4-1024x668.jpg\",\"datePublished\":\"2025-07-13T07:50:35+00:00\",\"dateModified\":\"2025-07-29T17:49:58+00:00\",\"description\":\"architecture hospitali\u00e8re, b\u00e2timent de recherche biom\u00e9dicale, architecture laboratoire, architecture m\u00e9dicale, h\u00f4pital Henri-Mondor, Nickl & Partner architectes, recherche scientifique, laboratoire haute s\u00e9curit\u00e9, simulateur atmosph\u00e9rique, production de vaccins exp\u00e9rimentaux, architecture et innovation biom\u00e9dicale, architecture contemporaine sant\u00e9, b\u00e2timent de recherche Cr\u00e9teil, architecture en porte-\u00e0-faux, fa\u00e7ade \u00e0 lames orientables, double peau b\u00e2timent, lumi\u00e8re naturelle architecture, atrium lumineux, architecture campus hospitalier, architecture et flexibilit\u00e9, b\u00e2timent de sant\u00e9 publique, architecture et transparence, design et sciences, architecture biologie, architecture modulaire recherche\",\"breadcrumb\":{\"@id\":\"https:\/\/scan-architecture.com\/index.php\/brb\/#breadcrumb\"},\"inLanguage\":\"en-US\",\"potentialAction\":[{\"@type\":\"ReadAction\",\"target\":[\"https:\/\/scan-architecture.com\/index.php\/brb\/\"]}]},{\"@type\":\"ImageObject\",\"inLanguage\":\"en-US\",\"@id\":\"https:\/\/scan-architecture.com\/index.php\/brb\/#primaryimage\",\"url\":\"https:\/\/scan-architecture.com\/wp-content\/uploads\/2025\/07\/BRB_CURA-4.jpg\",\"contentUrl\":\"https:\/\/scan-architecture.com\/wp-content\/uploads\/2025\/07\/BRB_CURA-4.jpg\",\"width\":2500,\"height\":1632},{\"@type\":\"BreadcrumbList\",\"@id\":\"https:\/\/scan-architecture.com\/index.php\/brb\/#breadcrumb\",\"itemListElement\":[{\"@type\":\"ListItem\",\"position\":1,\"name\":\"Home\",\"item\":\"https:\/\/scan-architecture.com\/\"},{\"@type\":\"ListItem\",\"position\":2,\"name\":\"BRB\"}]},{\"@type\":\"WebSite\",\"@id\":\"https:\/\/scan-architecture.com\/#website\",\"url\":\"https:\/\/scan-architecture.com\/\",\"name\":\"SCAN Architecture\",\"description\":\"L&#039;atelier d&#039;architecture SCAN - Vincent HANNEBERT\",\"publisher\":{\"@id\":\"https:\/\/scan-architecture.com\/#organization\"},\"potentialAction\":[{\"@type\":\"SearchAction\",\"target\":{\"@type\":\"EntryPoint\",\"urlTemplate\":\"https:\/\/scan-architecture.com\/?s={search_term_string}\"},\"query-input\":{\"@type\":\"PropertyValueSpecification\",\"valueRequired\":true,\"valueName\":\"search_term_string\"}}],\"inLanguage\":\"en-US\"},{\"@type\":\"Organization\",\"@id\":\"https:\/\/scan-architecture.com\/#organization\",\"name\":\"SCAN Architecture\",\"url\":\"https:\/\/scan-architecture.com\/\",\"logo\":{\"@type\":\"ImageObject\",\"inLanguage\":\"en-US\",\"@id\":\"https:\/\/scan-architecture.com\/#\/schema\/logo\/image\/\",\"url\":\"https:\/\/scan-architecture.com\/wp-content\/uploads\/2025\/07\/SL1_CURA-3.jpg\",\"contentUrl\":\"https:\/\/scan-architecture.com\/wp-content\/uploads\/2025\/07\/SL1_CURA-3.jpg\",\"width\":1662,\"height\":2500,\"caption\":\"SCAN Architecture\"},\"image\":{\"@id\":\"https:\/\/scan-architecture.com\/#\/schema\/logo\/image\/\"}}]}<\/script>\n<!-- \/ Yoast SEO plugin. -->","yoast_head_json":{"title":"BRB -","description":"architecture hospitali\u00e8re, b\u00e2timent de recherche biom\u00e9dicale, architecture laboratoire, architecture m\u00e9dicale, h\u00f4pital Henri-Mondor, Nickl & Partner architectes, recherche scientifique, laboratoire haute s\u00e9curit\u00e9, simulateur atmosph\u00e9rique, production de vaccins exp\u00e9rimentaux, architecture et innovation biom\u00e9dicale, architecture contemporaine sant\u00e9, b\u00e2timent de recherche Cr\u00e9teil, architecture en porte-\u00e0-faux, fa\u00e7ade \u00e0 lames orientables, double peau b\u00e2timent, lumi\u00e8re naturelle architecture, atrium lumineux, architecture campus hospitalier, architecture et flexibilit\u00e9, b\u00e2timent de sant\u00e9 publique, architecture et transparence, design et sciences, architecture biologie, architecture modulaire recherche","robots":{"index":"index","follow":"follow","max-snippet":"max-snippet:-1","max-image-preview":"max-image-preview:large","max-video-preview":"max-video-preview:-1"},"canonical":"https:\/\/scan-architecture.com\/index.php\/brb\/","og_locale":"en_US","og_type":"article","og_title":"BRB -","og_description":"architecture hospitali\u00e8re, b\u00e2timent de recherche biom\u00e9dicale, architecture laboratoire, architecture m\u00e9dicale, h\u00f4pital Henri-Mondor, Nickl & Partner architectes, recherche scientifique, laboratoire haute s\u00e9curit\u00e9, simulateur atmosph\u00e9rique, production de vaccins exp\u00e9rimentaux, architecture et innovation biom\u00e9dicale, architecture contemporaine sant\u00e9, b\u00e2timent de recherche Cr\u00e9teil, architecture en porte-\u00e0-faux, fa\u00e7ade \u00e0 lames orientables, double peau b\u00e2timent, lumi\u00e8re naturelle architecture, atrium lumineux, architecture campus hospitalier, architecture et flexibilit\u00e9, b\u00e2timent de sant\u00e9 publique, architecture et transparence, design et sciences, architecture biologie, architecture modulaire recherche","og_url":"https:\/\/scan-architecture.com\/index.php\/brb\/","article_modified_time":"2025-07-29T17:49:58+00:00","og_image":[{"width":2500,"height":1632,"url":"https:\/\/scan-architecture.com\/wp-content\/uploads\/2025\/07\/BRB_CURA-4.jpg","type":"image\/jpeg"}],"twitter_card":"summary_large_image","twitter_misc":{"Est. reading time":"3 minutes"},"schema":{"@context":"https:\/\/schema.org","@graph":[{"@type":"WebPage","@id":"https:\/\/scan-architecture.com\/index.php\/brb\/","url":"https:\/\/scan-architecture.com\/index.php\/brb\/","name":"BRB -","isPartOf":{"@id":"https:\/\/scan-architecture.com\/#website"},"primaryImageOfPage":{"@id":"https:\/\/scan-architecture.com\/index.php\/brb\/#primaryimage"},"image":{"@id":"https:\/\/scan-architecture.com\/index.php\/brb\/#primaryimage"},"thumbnailUrl":"https:\/\/scan-architecture.com\/wp-content\/uploads\/2025\/07\/BRB_CURA-4-1024x668.jpg","datePublished":"2025-07-13T07:50:35+00:00","dateModified":"2025-07-29T17:49:58+00:00","description":"architecture hospitali\u00e8re, b\u00e2timent de recherche biom\u00e9dicale, architecture laboratoire, architecture m\u00e9dicale, h\u00f4pital Henri-Mondor, Nickl & Partner architectes, recherche scientifique, laboratoire haute s\u00e9curit\u00e9, simulateur atmosph\u00e9rique, production de vaccins exp\u00e9rimentaux, architecture et innovation biom\u00e9dicale, architecture contemporaine sant\u00e9, b\u00e2timent de recherche Cr\u00e9teil, architecture en porte-\u00e0-faux, fa\u00e7ade \u00e0 lames orientables, double peau b\u00e2timent, lumi\u00e8re naturelle architecture, atrium lumineux, architecture campus hospitalier, architecture et flexibilit\u00e9, b\u00e2timent de sant\u00e9 publique, architecture et transparence, design et sciences, architecture biologie, architecture modulaire recherche","breadcrumb":{"@id":"https:\/\/scan-architecture.com\/index.php\/brb\/#breadcrumb"},"inLanguage":"en-US","potentialAction":[{"@type":"ReadAction","target":["https:\/\/scan-architecture.com\/index.php\/brb\/"]}]},{"@type":"ImageObject","inLanguage":"en-US","@id":"https:\/\/scan-architecture.com\/index.php\/brb\/#primaryimage","url":"https:\/\/scan-architecture.com\/wp-content\/uploads\/2025\/07\/BRB_CURA-4.jpg","contentUrl":"https:\/\/scan-architecture.com\/wp-content\/uploads\/2025\/07\/BRB_CURA-4.jpg","width":2500,"height":1632},{"@type":"BreadcrumbList","@id":"https:\/\/scan-architecture.com\/index.php\/brb\/#breadcrumb","itemListElement":[{"@type":"ListItem","position":1,"name":"Home","item":"https:\/\/scan-architecture.com\/"},{"@type":"ListItem","position":2,"name":"BRB"}]},{"@type":"WebSite","@id":"https:\/\/scan-architecture.com\/#website","url":"https:\/\/scan-architecture.com\/","name":"SCAN Architecture","description":"L&#039;atelier d&#039;architecture SCAN - Vincent HANNEBERT","publisher":{"@id":"https:\/\/scan-architecture.com\/#organization"},"potentialAction":[{"@type":"SearchAction","target":{"@type":"EntryPoint","urlTemplate":"https:\/\/scan-architecture.com\/?s={search_term_string}"},"query-input":{"@type":"PropertyValueSpecification","valueRequired":true,"valueName":"search_term_string"}}],"inLanguage":"en-US"},{"@type":"Organization","@id":"https:\/\/scan-architecture.com\/#organization","name":"SCAN Architecture","url":"https:\/\/scan-architecture.com\/","logo":{"@type":"ImageObject","inLanguage":"en-US","@id":"https:\/\/scan-architecture.com\/#\/schema\/logo\/image\/","url":"https:\/\/scan-architecture.com\/wp-content\/uploads\/2025\/07\/SL1_CURA-3.jpg","contentUrl":"https:\/\/scan-architecture.com\/wp-content\/uploads\/2025\/07\/SL1_CURA-3.jpg","width":1662,"height":2500,"caption":"SCAN Architecture"},"image":{"@id":"https:\/\/scan-architecture.com\/#\/schema\/logo\/image\/"}}]}},"_links":{"self":[{"href":"https:\/\/scan-architecture.com\/index.php\/wp-json\/wp\/v2\/pages\/34","targetHints":{"allow":["GET"]}}],"collection":[{"href":"https:\/\/scan-architecture.com\/index.php\/wp-json\/wp\/v2\/pages"}],"about":[{"href":"https:\/\/scan-architecture.com\/index.php\/wp-json\/wp\/v2\/types\/page"}],"author":[{"embeddable":true,"href":"https:\/\/scan-architecture.com\/index.php\/wp-json\/wp\/v2\/users\/1"}],"replies":[{"embeddable":true,"href":"https:\/\/scan-architecture.com\/index.php\/wp-json\/wp\/v2\/comments?post=34"}],"version-history":[{"count":4,"href":"https:\/\/scan-architecture.com\/index.php\/wp-json\/wp\/v2\/pages\/34\/revisions"}],"predecessor-version":[{"id":81,"href":"https:\/\/scan-architecture.com\/index.php\/wp-json\/wp\/v2\/pages\/34\/revisions\/81"}],"wp:attachment":[{"href":"https:\/\/scan-architecture.com\/index.php\/wp-json\/wp\/v2\/media?parent=34"}],"curies":[{"name":"wp","href":"https:\/\/api.w.org\/{rel}","templated":true}]}}