{"id":26,"date":"2025-07-13T08:45:55","date_gmt":"2025-07-13T07:45:55","guid":{"rendered":"https:\/\/scan-architecture.com\/?page_id=26"},"modified":"2025-07-29T18:50:30","modified_gmt":"2025-07-29T17:50:30","slug":"rue-philibert-delorme-paris-17","status":"publish","type":"page","link":"https:\/\/scan-architecture.com\/index.php\/rue-philibert-delorme-paris-17\/","title":{"rendered":"Rue Philibert Delorme Paris 17"},"content":{"rendered":"\n<p>Maitrise d\u2019ouvrage&nbsp;: Priv\u00e9e<br>Surface&nbsp;: 85m\u00b2<br>Budget&nbsp;: 70.000\u20ac<br>Ann\u00e9e&nbsp;: 04-06\/2019<\/p>\n\n\n\n<figure class=\"wp-block-image size-large\"><img loading=\"lazy\" decoding=\"async\" width=\"1024\" height=\"768\" src=\"https:\/\/scan-architecture.com\/wp-content\/uploads\/2025\/07\/PDL_CURA-6-1024x768.jpg\" alt=\"\" class=\"wp-image-27\" srcset=\"https:\/\/scan-architecture.com\/wp-content\/uploads\/2025\/07\/PDL_CURA-6-1024x768.jpg 1024w, https:\/\/scan-architecture.com\/wp-content\/uploads\/2025\/07\/PDL_CURA-6-300x225.jpg 300w, https:\/\/scan-architecture.com\/wp-content\/uploads\/2025\/07\/PDL_CURA-6-768x576.jpg 768w, https:\/\/scan-architecture.com\/wp-content\/uploads\/2025\/07\/PDL_CURA-6-1536x1152.jpg 1536w, https:\/\/scan-architecture.com\/wp-content\/uploads\/2025\/07\/PDL_CURA-6-2048x1536.jpg 2048w\" sizes=\"auto, (max-width: 1024px) 100vw, 1024px\" \/><\/figure>\n\n\n\n<p>L\u2019appartement se situe dans un complexe embl\u00e9matique du 17e arrondissement de Paris, rue Philibert-Delorme, achev\u00e9 en 1957, sur l\u2019emplacement des anciennes voies de chemin de fer de la petite ceinture.<\/p>\n\n\n\n<p>Avec ses 200 m\u00e8tres de fa\u00e7ade s\u2019\u00e9tendant sur dix niveaux, cet \u00e9difice est l\u2019un des plus longs de la capitale. Pourtant, loin de l\u2019imposante brutalit\u00e9 de sa taille, il parvient \u00e0 d\u00e9ployer une forme domestique inattendue, gr\u00e2ce \u00e0 des retraits r\u00e9guliers des quatre derniers \u00e9tages en attique. Perc\u00e9 de porches en double hauteur, le b\u00e2timent offre des entr\u00e9es g\u00e9n\u00e9reuses, cr\u00e9ant des interstices visuels qui invitent la rue \u00e0 p\u00e9n\u00e9trer dans le c\u0153ur de la structure. L\u2019appartement se trouve au premier \u00e9tage, \u00e0 proximit\u00e9 de l\u2019un de ces porches, un point de passage qui lui conf\u00e8re une certaine singularit\u00e9.<\/p>\n\n\n\n<figure class=\"wp-block-image size-large\"><img loading=\"lazy\" decoding=\"async\" width=\"768\" height=\"1024\" src=\"https:\/\/scan-architecture.com\/wp-content\/uploads\/2025\/07\/PDL_CURA-9-768x1024.jpg\" alt=\"\" class=\"wp-image-28\" srcset=\"https:\/\/scan-architecture.com\/wp-content\/uploads\/2025\/07\/PDL_CURA-9-768x1024.jpg 768w, https:\/\/scan-architecture.com\/wp-content\/uploads\/2025\/07\/PDL_CURA-9-225x300.jpg 225w, https:\/\/scan-architecture.com\/wp-content\/uploads\/2025\/07\/PDL_CURA-9-1152x1536.jpg 1152w, https:\/\/scan-architecture.com\/wp-content\/uploads\/2025\/07\/PDL_CURA-9-1536x2048.jpg 1536w, https:\/\/scan-architecture.com\/wp-content\/uploads\/2025\/07\/PDL_CURA-9.jpg 1875w\" sizes=\"auto, (max-width: 768px) 100vw, 768px\" \/><\/figure>\n\n\n\n<p>Ce projet cherche \u00e0 comprendre la r\u00e9silience d\u2019un b\u00e2timent des ann\u00e9es 50, face aux exigences d\u2019aujourd\u2019hui. La r\u00e9gularit\u00e9 de la fa\u00e7ade et la robustesse de la structure ont permis une relecture de l\u2019espace, repens\u00e9e selon les besoins contemporains, tout en pr\u00e9servant l\u2019int\u00e9grit\u00e9 du gros \u0153uvre.<\/p>\n\n\n\n<p>Nous avions \u00e9t\u00e9 appel\u00e9s initialement pour un simple m\u00e9trage, en vue d\u2019estimer le co\u00fbt d\u2019un rafra\u00eechissement. Mais \u00e0 peine arriv\u00e9s sur place, nous avons per\u00e7u l\u2019incoh\u00e9rence dans la disposition des espaces. La distribution des pi\u00e8ces semblait en d\u00e9calage avec l\u2019orientation et les proportions des espaces ne r\u00e9pondaient plus aux besoins modernes. Apr\u00e8s quelques r\u00e9flexions et \u00e9changes, nous avons propos\u00e9 une r\u00e9organisation subtile de l\u2019appartement, offrant au client une solution simple et \u00e9l\u00e9gante. Apr\u00e8s des ajustements mineurs, le chantier pouvait enfin commencer, pour ne durer que trois semaines.<\/p>\n\n\n\n<figure class=\"wp-block-image size-large\"><img loading=\"lazy\" decoding=\"async\" width=\"768\" height=\"1024\" src=\"https:\/\/scan-architecture.com\/wp-content\/uploads\/2025\/07\/PDL_CURA-7-768x1024.jpg\" alt=\"\" class=\"wp-image-29\" srcset=\"https:\/\/scan-architecture.com\/wp-content\/uploads\/2025\/07\/PDL_CURA-7-768x1024.jpg 768w, https:\/\/scan-architecture.com\/wp-content\/uploads\/2025\/07\/PDL_CURA-7-225x300.jpg 225w, https:\/\/scan-architecture.com\/wp-content\/uploads\/2025\/07\/PDL_CURA-7-1152x1536.jpg 1152w, https:\/\/scan-architecture.com\/wp-content\/uploads\/2025\/07\/PDL_CURA-7-1536x2048.jpg 1536w, https:\/\/scan-architecture.com\/wp-content\/uploads\/2025\/07\/PDL_CURA-7.jpg 1875w\" sizes=\"auto, (max-width: 768px) 100vw, 768px\" \/><\/figure>\n\n\n\n<p>Ce projet a d\u00e9montr\u00e9 qu\u2019il est possible de redonner vie \u00e0 des typologies anciennes, en les r\u00e9inventant pour les adapter aux modes de vie actuels. Gr\u00e2ce \u00e0 une intervention discr\u00e8te, qui respecte \u00e0 la fois l\u2019histoire du lieu et les besoins contemporains, nous avons transform\u00e9 un T2 en T3, optimisant l\u2019espace sans perturber l\u2019\u00e2me du b\u00e2timent. Cinq ans apr\u00e8s la fin des travaux, les retours des locataires sont enthousiastes, et notre client se montre pleinement satisfait du r\u00e9sultat.<\/p>\n\n\n\n<figure class=\"wp-block-image size-large\"><img loading=\"lazy\" decoding=\"async\" width=\"1024\" height=\"1024\" src=\"https:\/\/scan-architecture.com\/wp-content\/uploads\/2025\/07\/PDL_Plan-existant_100-1024x1024.png\" alt=\"\" class=\"wp-image-30\" srcset=\"https:\/\/scan-architecture.com\/wp-content\/uploads\/2025\/07\/PDL_Plan-existant_100-1024x1024.png 1024w, https:\/\/scan-architecture.com\/wp-content\/uploads\/2025\/07\/PDL_Plan-existant_100-300x300.png 300w, https:\/\/scan-architecture.com\/wp-content\/uploads\/2025\/07\/PDL_Plan-existant_100-150x150.png 150w, https:\/\/scan-architecture.com\/wp-content\/uploads\/2025\/07\/PDL_Plan-existant_100-768x768.png 768w, https:\/\/scan-architecture.com\/wp-content\/uploads\/2025\/07\/PDL_Plan-existant_100-1536x1536.png 1536w, https:\/\/scan-architecture.com\/wp-content\/uploads\/2025\/07\/PDL_Plan-existant_100-2048x2048.png 2048w\" sizes=\"auto, (max-width: 1024px) 100vw, 1024px\" \/><\/figure>\n\n\n\n<figure class=\"wp-block-image size-large\"><img loading=\"lazy\" decoding=\"async\" width=\"1024\" height=\"1024\" src=\"https:\/\/scan-architecture.com\/wp-content\/uploads\/2025\/07\/PDL_Plan-projet_100-1024x1024.png\" alt=\"\" class=\"wp-image-31\" srcset=\"https:\/\/scan-architecture.com\/wp-content\/uploads\/2025\/07\/PDL_Plan-projet_100-1024x1024.png 1024w, https:\/\/scan-architecture.com\/wp-content\/uploads\/2025\/07\/PDL_Plan-projet_100-300x300.png 300w, https:\/\/scan-architecture.com\/wp-content\/uploads\/2025\/07\/PDL_Plan-projet_100-150x150.png 150w, https:\/\/scan-architecture.com\/wp-content\/uploads\/2025\/07\/PDL_Plan-projet_100-768x768.png 768w, https:\/\/scan-architecture.com\/wp-content\/uploads\/2025\/07\/PDL_Plan-projet_100-1536x1536.png 1536w, https:\/\/scan-architecture.com\/wp-content\/uploads\/2025\/07\/PDL_Plan-projet_100-2048x2048.png 2048w\" sizes=\"auto, (max-width: 1024px) 100vw, 1024px\" \/><\/figure>\n\n\n\n<figure class=\"wp-block-image alignright size-large is-resized\"><a href=\"https:\/\/scan-architecture.com\/index.php\/brb\/\"><img loading=\"lazy\" decoding=\"async\" width=\"1024\" height=\"668\" src=\"https:\/\/scan-architecture.com\/wp-content\/uploads\/2025\/07\/BRB_CURA-4-1-1024x668.jpg\" alt=\"\" class=\"wp-image-49\" style=\"width:277px;height:auto\" srcset=\"https:\/\/scan-architecture.com\/wp-content\/uploads\/2025\/07\/BRB_CURA-4-1-1024x668.jpg 1024w, https:\/\/scan-architecture.com\/wp-content\/uploads\/2025\/07\/BRB_CURA-4-1-300x196.jpg 300w, https:\/\/scan-architecture.com\/wp-content\/uploads\/2025\/07\/BRB_CURA-4-1-768x501.jpg 768w, https:\/\/scan-architecture.com\/wp-content\/uploads\/2025\/07\/BRB_CURA-4-1-1536x1003.jpg 1536w, https:\/\/scan-architecture.com\/wp-content\/uploads\/2025\/07\/BRB_CURA-4-1-2048x1337.jpg 2048w\" sizes=\"auto, (max-width: 1024px) 100vw, 1024px\" \/><\/a><\/figure>\n\n\n\n<figure class=\"wp-block-image alignleft size-large is-resized\"><a href=\"https:\/\/scan-architecture.com\/index.php\/saint-louis\/\"><img loading=\"lazy\" decoding=\"async\" width=\"681\" height=\"1024\" src=\"https:\/\/scan-architecture.com\/wp-content\/uploads\/2025\/07\/SL1_CURA-3-681x1024.jpg\" alt=\"\" class=\"wp-image-53\" style=\"width:128px;height:auto\" srcset=\"https:\/\/scan-architecture.com\/wp-content\/uploads\/2025\/07\/SL1_CURA-3-681x1024.jpg 681w, https:\/\/scan-architecture.com\/wp-content\/uploads\/2025\/07\/SL1_CURA-3-199x300.jpg 199w, https:\/\/scan-architecture.com\/wp-content\/uploads\/2025\/07\/SL1_CURA-3-768x1155.jpg 768w, https:\/\/scan-architecture.com\/wp-content\/uploads\/2025\/07\/SL1_CURA-3-1021x1536.jpg 1021w, https:\/\/scan-architecture.com\/wp-content\/uploads\/2025\/07\/SL1_CURA-3-1362x2048.jpg 1362w, https:\/\/scan-architecture.com\/wp-content\/uploads\/2025\/07\/SL1_CURA-3.jpg 1662w\" sizes=\"auto, (max-width: 681px) 100vw, 681px\" \/><\/a><\/figure>\n","protected":false},"excerpt":{"rendered":"<p>Maitrise d\u2019ouvrage&nbsp;: Priv\u00e9eSurface&nbsp;: 85m\u00b2Budget&nbsp;: 70.000\u20acAnn\u00e9e&nbsp;: 04-06\/2019 L\u2019appartement se situe dans un complexe embl\u00e9matique du 17e arrondissement de Paris, rue Philibert-Delorme, achev\u00e9 en 1957, sur l\u2019emplacement des anciennes voies de chemin de fer de la petite ceinture. Avec ses 200 m\u00e8tres de fa\u00e7ade s\u2019\u00e9tendant sur dix niveaux, cet \u00e9difice est l\u2019un des plus longs de la [&hellip;]<\/p>\n","protected":false},"author":1,"featured_media":0,"parent":0,"menu_order":0,"comment_status":"closed","ping_status":"closed","template":"","meta":{"footnotes":""},"class_list":["post-26","page","type-page","status-publish","hentry"],"yoast_head":"<!-- This site is optimized with the Yoast SEO plugin v25.6 - https:\/\/yoast.com\/wordpress\/plugins\/seo\/ -->\n<title>Rue Philibert Delorme Paris 17 -<\/title>\n<meta name=\"description\" content=\"r\u00e9novation appartement Paris 17, architecture int\u00e9rieure Paris, rue Philibert-Delorme, r\u00e9habilitation logement ann\u00e9es 50,r\u00e9organisation plan appartement, transformation T2 en T3,r\u00e9novation l\u00e9g\u00e8re intelligente, architecture domestique Paris, r\u00e9habilitation petit budget, r\u00e9novation appartement ancien, restructuration int\u00e9rieure, r\u00e9am\u00e9nagement optimis\u00e9, architecture post-guerre, appartement petite ceinture Paris, b\u00e2timent embl\u00e9matique Paris 17e,architecture moderne ann\u00e9es 50,architecture sobre et \u00e9l\u00e9gante, r\u00e9am\u00e9nagement spatial Paris, architecture r\u00e9sidentielle Paris, r\u00e9novation respectueuse b\u00e2timent, optimisation surface 85m2,architecture Paris ann\u00e9es 1950,relecture contemporaine d\u2019un logement, structure robuste adaptable, projet r\u00e9sidentiel Parisien\" \/>\n<meta name=\"robots\" content=\"index, follow, max-snippet:-1, max-image-preview:large, max-video-preview:-1\" \/>\n<link rel=\"canonical\" href=\"https:\/\/scan-architecture.com\/index.php\/rue-philibert-delorme-paris-17\/\" \/>\n<meta property=\"og:locale\" content=\"en_US\" \/>\n<meta property=\"og:type\" content=\"article\" \/>\n<meta property=\"og:title\" content=\"Rue Philibert Delorme Paris 17 -\" \/>\n<meta property=\"og:description\" content=\"r\u00e9novation appartement Paris 17, architecture int\u00e9rieure Paris, rue Philibert-Delorme, r\u00e9habilitation logement ann\u00e9es 50,r\u00e9organisation plan appartement, transformation T2 en T3,r\u00e9novation l\u00e9g\u00e8re intelligente, architecture domestique Paris, r\u00e9habilitation petit budget, r\u00e9novation appartement ancien, restructuration int\u00e9rieure, r\u00e9am\u00e9nagement optimis\u00e9, architecture post-guerre, appartement petite ceinture Paris, b\u00e2timent embl\u00e9matique Paris 17e,architecture moderne ann\u00e9es 50,architecture sobre et \u00e9l\u00e9gante, r\u00e9am\u00e9nagement spatial Paris, architecture r\u00e9sidentielle Paris, r\u00e9novation respectueuse b\u00e2timent, optimisation surface 85m2,architecture Paris ann\u00e9es 1950,relecture contemporaine d\u2019un logement, structure robuste adaptable, projet r\u00e9sidentiel Parisien\" \/>\n<meta property=\"og:url\" content=\"https:\/\/scan-architecture.com\/index.php\/rue-philibert-delorme-paris-17\/\" \/>\n<meta property=\"article:modified_time\" content=\"2025-07-29T17:50:30+00:00\" \/>\n<meta property=\"og:image\" content=\"https:\/\/scan-architecture.com\/wp-content\/uploads\/2025\/07\/PDL_CURA-6.jpg\" \/>\n\t<meta property=\"og:image:width\" content=\"2500\" \/>\n\t<meta property=\"og:image:height\" content=\"1875\" \/>\n\t<meta property=\"og:image:type\" content=\"image\/jpeg\" \/>\n<meta name=\"twitter:card\" content=\"summary_large_image\" \/>\n<meta name=\"twitter:label1\" content=\"Est. reading time\" \/>\n\t<meta name=\"twitter:data1\" content=\"3 minutes\" \/>\n<script type=\"application\/ld+json\" class=\"yoast-schema-graph\">{\"@context\":\"https:\/\/schema.org\",\"@graph\":[{\"@type\":\"WebPage\",\"@id\":\"https:\/\/scan-architecture.com\/index.php\/rue-philibert-delorme-paris-17\/\",\"url\":\"https:\/\/scan-architecture.com\/index.php\/rue-philibert-delorme-paris-17\/\",\"name\":\"Rue Philibert Delorme Paris 17 -\",\"isPartOf\":{\"@id\":\"https:\/\/scan-architecture.com\/#website\"},\"primaryImageOfPage\":{\"@id\":\"https:\/\/scan-architecture.com\/index.php\/rue-philibert-delorme-paris-17\/#primaryimage\"},\"image\":{\"@id\":\"https:\/\/scan-architecture.com\/index.php\/rue-philibert-delorme-paris-17\/#primaryimage\"},\"thumbnailUrl\":\"https:\/\/scan-architecture.com\/wp-content\/uploads\/2025\/07\/PDL_CURA-6-1024x768.jpg\",\"datePublished\":\"2025-07-13T07:45:55+00:00\",\"dateModified\":\"2025-07-29T17:50:30+00:00\",\"description\":\"r\u00e9novation appartement Paris 17, architecture int\u00e9rieure Paris, rue Philibert-Delorme, r\u00e9habilitation logement ann\u00e9es 50,r\u00e9organisation plan appartement, transformation T2 en T3,r\u00e9novation l\u00e9g\u00e8re intelligente, architecture domestique Paris, r\u00e9habilitation petit budget, r\u00e9novation appartement ancien, restructuration int\u00e9rieure, r\u00e9am\u00e9nagement optimis\u00e9, architecture post-guerre, appartement petite ceinture Paris, b\u00e2timent embl\u00e9matique Paris 17e,architecture moderne ann\u00e9es 50,architecture sobre et \u00e9l\u00e9gante, r\u00e9am\u00e9nagement spatial Paris, architecture r\u00e9sidentielle Paris, r\u00e9novation respectueuse b\u00e2timent, optimisation surface 85m2,architecture Paris ann\u00e9es 1950,relecture contemporaine d\u2019un logement, structure robuste adaptable, projet r\u00e9sidentiel Parisien\",\"breadcrumb\":{\"@id\":\"https:\/\/scan-architecture.com\/index.php\/rue-philibert-delorme-paris-17\/#breadcrumb\"},\"inLanguage\":\"en-US\",\"potentialAction\":[{\"@type\":\"ReadAction\",\"target\":[\"https:\/\/scan-architecture.com\/index.php\/rue-philibert-delorme-paris-17\/\"]}]},{\"@type\":\"ImageObject\",\"inLanguage\":\"en-US\",\"@id\":\"https:\/\/scan-architecture.com\/index.php\/rue-philibert-delorme-paris-17\/#primaryimage\",\"url\":\"https:\/\/scan-architecture.com\/wp-content\/uploads\/2025\/07\/PDL_CURA-6.jpg\",\"contentUrl\":\"https:\/\/scan-architecture.com\/wp-content\/uploads\/2025\/07\/PDL_CURA-6.jpg\",\"width\":2500,\"height\":1875},{\"@type\":\"BreadcrumbList\",\"@id\":\"https:\/\/scan-architecture.com\/index.php\/rue-philibert-delorme-paris-17\/#breadcrumb\",\"itemListElement\":[{\"@type\":\"ListItem\",\"position\":1,\"name\":\"Home\",\"item\":\"https:\/\/scan-architecture.com\/\"},{\"@type\":\"ListItem\",\"position\":2,\"name\":\"Rue Philibert Delorme Paris 17\"}]},{\"@type\":\"WebSite\",\"@id\":\"https:\/\/scan-architecture.com\/#website\",\"url\":\"https:\/\/scan-architecture.com\/\",\"name\":\"SCAN Architecture\",\"description\":\"L&#039;atelier d&#039;architecture SCAN - Vincent HANNEBERT\",\"publisher\":{\"@id\":\"https:\/\/scan-architecture.com\/#organization\"},\"potentialAction\":[{\"@type\":\"SearchAction\",\"target\":{\"@type\":\"EntryPoint\",\"urlTemplate\":\"https:\/\/scan-architecture.com\/?s={search_term_string}\"},\"query-input\":{\"@type\":\"PropertyValueSpecification\",\"valueRequired\":true,\"valueName\":\"search_term_string\"}}],\"inLanguage\":\"en-US\"},{\"@type\":\"Organization\",\"@id\":\"https:\/\/scan-architecture.com\/#organization\",\"name\":\"SCAN Architecture\",\"url\":\"https:\/\/scan-architecture.com\/\",\"logo\":{\"@type\":\"ImageObject\",\"inLanguage\":\"en-US\",\"@id\":\"https:\/\/scan-architecture.com\/#\/schema\/logo\/image\/\",\"url\":\"https:\/\/scan-architecture.com\/wp-content\/uploads\/2025\/07\/SL1_CURA-3.jpg\",\"contentUrl\":\"https:\/\/scan-architecture.com\/wp-content\/uploads\/2025\/07\/SL1_CURA-3.jpg\",\"width\":1662,\"height\":2500,\"caption\":\"SCAN Architecture\"},\"image\":{\"@id\":\"https:\/\/scan-architecture.com\/#\/schema\/logo\/image\/\"}}]}<\/script>\n<!-- \/ Yoast SEO plugin. -->","yoast_head_json":{"title":"Rue Philibert Delorme Paris 17 -","description":"r\u00e9novation appartement Paris 17, architecture int\u00e9rieure Paris, rue Philibert-Delorme, r\u00e9habilitation logement ann\u00e9es 50,r\u00e9organisation plan appartement, transformation T2 en T3,r\u00e9novation l\u00e9g\u00e8re intelligente, architecture domestique Paris, r\u00e9habilitation petit budget, r\u00e9novation appartement ancien, restructuration int\u00e9rieure, r\u00e9am\u00e9nagement optimis\u00e9, architecture post-guerre, appartement petite ceinture Paris, b\u00e2timent embl\u00e9matique Paris 17e,architecture moderne ann\u00e9es 50,architecture sobre et \u00e9l\u00e9gante, r\u00e9am\u00e9nagement spatial Paris, architecture r\u00e9sidentielle Paris, r\u00e9novation respectueuse b\u00e2timent, optimisation surface 85m2,architecture Paris ann\u00e9es 1950,relecture contemporaine d\u2019un logement, structure robuste adaptable, projet r\u00e9sidentiel Parisien","robots":{"index":"index","follow":"follow","max-snippet":"max-snippet:-1","max-image-preview":"max-image-preview:large","max-video-preview":"max-video-preview:-1"},"canonical":"https:\/\/scan-architecture.com\/index.php\/rue-philibert-delorme-paris-17\/","og_locale":"en_US","og_type":"article","og_title":"Rue Philibert Delorme Paris 17 -","og_description":"r\u00e9novation appartement Paris 17, architecture int\u00e9rieure Paris, rue Philibert-Delorme, r\u00e9habilitation logement ann\u00e9es 50,r\u00e9organisation plan appartement, transformation T2 en T3,r\u00e9novation l\u00e9g\u00e8re intelligente, architecture domestique Paris, r\u00e9habilitation petit budget, r\u00e9novation appartement ancien, restructuration int\u00e9rieure, r\u00e9am\u00e9nagement optimis\u00e9, architecture post-guerre, appartement petite ceinture Paris, b\u00e2timent embl\u00e9matique Paris 17e,architecture moderne ann\u00e9es 50,architecture sobre et \u00e9l\u00e9gante, r\u00e9am\u00e9nagement spatial Paris, architecture r\u00e9sidentielle Paris, r\u00e9novation respectueuse b\u00e2timent, optimisation surface 85m2,architecture Paris ann\u00e9es 1950,relecture contemporaine d\u2019un logement, structure robuste adaptable, projet r\u00e9sidentiel Parisien","og_url":"https:\/\/scan-architecture.com\/index.php\/rue-philibert-delorme-paris-17\/","article_modified_time":"2025-07-29T17:50:30+00:00","og_image":[{"width":2500,"height":1875,"url":"https:\/\/scan-architecture.com\/wp-content\/uploads\/2025\/07\/PDL_CURA-6.jpg","type":"image\/jpeg"}],"twitter_card":"summary_large_image","twitter_misc":{"Est. reading time":"3 minutes"},"schema":{"@context":"https:\/\/schema.org","@graph":[{"@type":"WebPage","@id":"https:\/\/scan-architecture.com\/index.php\/rue-philibert-delorme-paris-17\/","url":"https:\/\/scan-architecture.com\/index.php\/rue-philibert-delorme-paris-17\/","name":"Rue Philibert Delorme Paris 17 -","isPartOf":{"@id":"https:\/\/scan-architecture.com\/#website"},"primaryImageOfPage":{"@id":"https:\/\/scan-architecture.com\/index.php\/rue-philibert-delorme-paris-17\/#primaryimage"},"image":{"@id":"https:\/\/scan-architecture.com\/index.php\/rue-philibert-delorme-paris-17\/#primaryimage"},"thumbnailUrl":"https:\/\/scan-architecture.com\/wp-content\/uploads\/2025\/07\/PDL_CURA-6-1024x768.jpg","datePublished":"2025-07-13T07:45:55+00:00","dateModified":"2025-07-29T17:50:30+00:00","description":"r\u00e9novation appartement Paris 17, architecture int\u00e9rieure Paris, rue Philibert-Delorme, r\u00e9habilitation logement ann\u00e9es 50,r\u00e9organisation plan appartement, transformation T2 en T3,r\u00e9novation l\u00e9g\u00e8re intelligente, architecture domestique Paris, r\u00e9habilitation petit budget, r\u00e9novation appartement ancien, restructuration int\u00e9rieure, r\u00e9am\u00e9nagement optimis\u00e9, architecture post-guerre, appartement petite ceinture Paris, b\u00e2timent embl\u00e9matique Paris 17e,architecture moderne ann\u00e9es 50,architecture sobre et \u00e9l\u00e9gante, r\u00e9am\u00e9nagement spatial Paris, architecture r\u00e9sidentielle Paris, r\u00e9novation respectueuse b\u00e2timent, optimisation surface 85m2,architecture Paris ann\u00e9es 1950,relecture contemporaine d\u2019un logement, structure robuste adaptable, projet r\u00e9sidentiel Parisien","breadcrumb":{"@id":"https:\/\/scan-architecture.com\/index.php\/rue-philibert-delorme-paris-17\/#breadcrumb"},"inLanguage":"en-US","potentialAction":[{"@type":"ReadAction","target":["https:\/\/scan-architecture.com\/index.php\/rue-philibert-delorme-paris-17\/"]}]},{"@type":"ImageObject","inLanguage":"en-US","@id":"https:\/\/scan-architecture.com\/index.php\/rue-philibert-delorme-paris-17\/#primaryimage","url":"https:\/\/scan-architecture.com\/wp-content\/uploads\/2025\/07\/PDL_CURA-6.jpg","contentUrl":"https:\/\/scan-architecture.com\/wp-content\/uploads\/2025\/07\/PDL_CURA-6.jpg","width":2500,"height":1875},{"@type":"BreadcrumbList","@id":"https:\/\/scan-architecture.com\/index.php\/rue-philibert-delorme-paris-17\/#breadcrumb","itemListElement":[{"@type":"ListItem","position":1,"name":"Home","item":"https:\/\/scan-architecture.com\/"},{"@type":"ListItem","position":2,"name":"Rue Philibert Delorme Paris 17"}]},{"@type":"WebSite","@id":"https:\/\/scan-architecture.com\/#website","url":"https:\/\/scan-architecture.com\/","name":"SCAN Architecture","description":"L&#039;atelier d&#039;architecture SCAN - Vincent HANNEBERT","publisher":{"@id":"https:\/\/scan-architecture.com\/#organization"},"potentialAction":[{"@type":"SearchAction","target":{"@type":"EntryPoint","urlTemplate":"https:\/\/scan-architecture.com\/?s={search_term_string}"},"query-input":{"@type":"PropertyValueSpecification","valueRequired":true,"valueName":"search_term_string"}}],"inLanguage":"en-US"},{"@type":"Organization","@id":"https:\/\/scan-architecture.com\/#organization","name":"SCAN Architecture","url":"https:\/\/scan-architecture.com\/","logo":{"@type":"ImageObject","inLanguage":"en-US","@id":"https:\/\/scan-architecture.com\/#\/schema\/logo\/image\/","url":"https:\/\/scan-architecture.com\/wp-content\/uploads\/2025\/07\/SL1_CURA-3.jpg","contentUrl":"https:\/\/scan-architecture.com\/wp-content\/uploads\/2025\/07\/SL1_CURA-3.jpg","width":1662,"height":2500,"caption":"SCAN Architecture"},"image":{"@id":"https:\/\/scan-architecture.com\/#\/schema\/logo\/image\/"}}]}},"_links":{"self":[{"href":"https:\/\/scan-architecture.com\/index.php\/wp-json\/wp\/v2\/pages\/26","targetHints":{"allow":["GET"]}}],"collection":[{"href":"https:\/\/scan-architecture.com\/index.php\/wp-json\/wp\/v2\/pages"}],"about":[{"href":"https:\/\/scan-architecture.com\/index.php\/wp-json\/wp\/v2\/types\/page"}],"author":[{"embeddable":true,"href":"https:\/\/scan-architecture.com\/index.php\/wp-json\/wp\/v2\/users\/1"}],"replies":[{"embeddable":true,"href":"https:\/\/scan-architecture.com\/index.php\/wp-json\/wp\/v2\/comments?post=26"}],"version-history":[{"count":6,"href":"https:\/\/scan-architecture.com\/index.php\/wp-json\/wp\/v2\/pages\/26\/revisions"}],"predecessor-version":[{"id":82,"href":"https:\/\/scan-architecture.com\/index.php\/wp-json\/wp\/v2\/pages\/26\/revisions\/82"}],"wp:attachment":[{"href":"https:\/\/scan-architecture.com\/index.php\/wp-json\/wp\/v2\/media?parent=26"}],"curies":[{"name":"wp","href":"https:\/\/api.w.org\/{rel}","templated":true}]}}