{"id":172,"date":"2025-12-10T09:28:47","date_gmt":"2025-12-10T08:28:47","guid":{"rendered":"https:\/\/scan-architecture.com\/?page_id=172"},"modified":"2025-12-10T10:28:18","modified_gmt":"2025-12-10T09:28:18","slug":"it-takes-a-village","status":"publish","type":"page","link":"https:\/\/scan-architecture.com\/index.php\/it-takes-a-village\/","title":{"rendered":"IT TAKES A VILLAGE"},"content":{"rendered":"\n<h2 class=\"wp-block-heading\"><a href=\"https:\/\/www.europan-europe.eu\/fr\/session\/europan-18\/results\/by-sites\/romainville-fr-1\">EUROPAN 18 &#8211; Mention sp\u00e9ciale<\/a><\/h2>\n\n\n\n<p>MOA : Europan 18 \/ Romainville (93)<br>Programme : Concours d\u2019id\u00e9e<br>Surface : Le quartier des Ormes<br>Livraison : 2025<br>Prix : Mention sp\u00e9ciale du jury<br>Equipe : Vincent Hannebert, <a href=\"https:\/\/www.laetitiaroggeman.eu\/\">Laetitia Roggeman<\/a>, <a href=\"https:\/\/www.cura-archi.com\/\">Th\u00e9o Mahut<\/a><\/p>\n\n\n\n<p><\/p>\n\n\n\n<figure class=\"wp-block-image size-large\"><img loading=\"lazy\" decoding=\"async\" width=\"1024\" height=\"451\" src=\"https:\/\/scan-architecture.com\/wp-content\/uploads\/2025\/12\/gros-poisson-petit-poisson-2fa5cg8-1024x451.png\" alt=\"\" class=\"wp-image-176\" srcset=\"https:\/\/scan-architecture.com\/wp-content\/uploads\/2025\/12\/gros-poisson-petit-poisson-2fa5cg8-1024x451.png 1024w, https:\/\/scan-architecture.com\/wp-content\/uploads\/2025\/12\/gros-poisson-petit-poisson-2fa5cg8-300x132.png 300w, https:\/\/scan-architecture.com\/wp-content\/uploads\/2025\/12\/gros-poisson-petit-poisson-2fa5cg8-768x338.png 768w, https:\/\/scan-architecture.com\/wp-content\/uploads\/2025\/12\/gros-poisson-petit-poisson-2fa5cg8.png 1300w\" sizes=\"auto, (max-width: 1024px) 100vw, 1024px\" \/><\/figure>\n\n\n\n<h2 class=\"wp-block-heading\">Re-sourcer le quartier des Ormes : vers une fabrique coop\u00e9rative de la r\u00e9silience.<\/h2>\n\n\n\n<p>Face \u00e0 la rar\u00e9faction des ressources et \u00e0 la vuln\u00e9rabilit\u00e9 croissante des territoires, le quartier des Ormes appara\u00eet comme un terrain propice \u00e0 l\u2019exp\u00e9rimentation d\u2019un projet-processus mobilisant les ressources existantes \u2014 \u00e9cologiques, sociales et mat\u00e9rielles \u2014 pour construire une r\u00e9silience ancr\u00e9e dans le territoire.<\/p>\n\n\n\n<p>Reformuler la question pour mieux y r\u00e9pondre<\/p>\n\n\n\n<p>Le sujet propos\u00e9 par Europan soul\u00e8ve des tensions apparentes : comment renouveler sans exclure, ouvrir \u00e0 la m\u00e9tropole sans pr\u00e9cipiter la gentrification, renforcer sans standardiser ? Pour y r\u00e9pondre, nous avons choisi de d\u00e9construire les enjeux \u00e0 toutes les \u00e9chelles \u2014 mondiale (gentrification), m\u00e9tropolitaine (pression fonci\u00e8re), locale (forme urbaine, solidarit\u00e9s) \u2014 afin de reformuler la question :<\/p>\n\n\n\n<p>Comment guider le quartier des Ormes vers la r\u00e9silience en mobilisant les ressources \u00e9cologiques, sociales et mat\u00e9rielles, afin de pr\u00e9server son h\u00e9ritage historique et paysager, et assurer le maintien en place de ses habitants soumis \u00e0 une vuln\u00e9rabilit\u00e9 croissante ?<\/p>\n\n\n\n<p>Afin d\u2019y r\u00e9pondre avec justesse, nous avons \u00e9tudi\u00e9 ces ressources par tous les m\u00e9dias en notre possession : Visite de site, interview des habitants, analyse cartographique, historique, photographique, journalistique et statistique.<\/p>\n\n\n\n<figure class=\"wp-block-image size-large\"><img loading=\"lazy\" decoding=\"async\" width=\"723\" height=\"1024\" src=\"https:\/\/scan-architecture.com\/wp-content\/uploads\/2025\/12\/EUROPAN-PAGE-1-1-723x1024.jpg\" alt=\"\" class=\"wp-image-178\" srcset=\"https:\/\/scan-architecture.com\/wp-content\/uploads\/2025\/12\/EUROPAN-PAGE-1-1-723x1024.jpg 723w, https:\/\/scan-architecture.com\/wp-content\/uploads\/2025\/12\/EUROPAN-PAGE-1-1-212x300.jpg 212w, https:\/\/scan-architecture.com\/wp-content\/uploads\/2025\/12\/EUROPAN-PAGE-1-1-768x1087.jpg 768w, https:\/\/scan-architecture.com\/wp-content\/uploads\/2025\/12\/EUROPAN-PAGE-1-1-1085x1536.jpg 1085w, https:\/\/scan-architecture.com\/wp-content\/uploads\/2025\/12\/EUROPAN-PAGE-1-1-1446x2048.jpg 1446w, https:\/\/scan-architecture.com\/wp-content\/uploads\/2025\/12\/EUROPAN-PAGE-1-1-scaled.jpg 1808w\" sizes=\"auto, (max-width: 723px) 100vw, 723px\" \/><\/figure>\n\n\n\n<h3 class=\"wp-block-heading\">1. Une intervention urbaine l\u00e9g\u00e8re et locale<\/h3>\n\n\n\n<p>Le quartier des Ormes poss\u00e8de d\u00e9j\u00e0 des atouts pr\u00e9cieux : venelles v\u00e9g\u00e9talis\u00e9es, c\u0153urs d\u2019\u00eelots arbor\u00e9s, patrimoine b\u00e2ti vari\u00e9, pr\u00e9sence d\u2019artisans\u2026 L\u2019enjeu n\u2019est donc pas de transformer brutalement le quartier, mais d\u2019activer ce qui existe.<br>Notre proposition mise sur une urbanisation douce : r\u00e9emploi des mat\u00e9riaux issus des chantiers voisins, requalification l\u00e9g\u00e8re de l\u2019existant, d\u00e9simperm\u00e9abilisation cibl\u00e9e, et mise en culture de certaines parcelles libres. L\u2019objectif est simple : am\u00e9liorer le confort de vie, renforcer les continuit\u00e9s \u00e9cologiques et limiter l\u2019impact carbone, tout en pr\u00e9servant l\u2019identit\u00e9 historique du quartier.<\/p>\n\n\n\n<figure class=\"wp-block-image size-large\"><img loading=\"lazy\" decoding=\"async\" width=\"723\" height=\"1024\" src=\"https:\/\/scan-architecture.com\/wp-content\/uploads\/2025\/12\/EUROPAN-PAGE-2-1-723x1024.jpg\" alt=\"\" class=\"wp-image-179\" srcset=\"https:\/\/scan-architecture.com\/wp-content\/uploads\/2025\/12\/EUROPAN-PAGE-2-1-723x1024.jpg 723w, https:\/\/scan-architecture.com\/wp-content\/uploads\/2025\/12\/EUROPAN-PAGE-2-1-212x300.jpg 212w, https:\/\/scan-architecture.com\/wp-content\/uploads\/2025\/12\/EUROPAN-PAGE-2-1-768x1087.jpg 768w, https:\/\/scan-architecture.com\/wp-content\/uploads\/2025\/12\/EUROPAN-PAGE-2-1-1085x1536.jpg 1085w, https:\/\/scan-architecture.com\/wp-content\/uploads\/2025\/12\/EUROPAN-PAGE-2-1-1446x2048.jpg 1446w, https:\/\/scan-architecture.com\/wp-content\/uploads\/2025\/12\/EUROPAN-PAGE-2-1-scaled.jpg 1808w\" sizes=\"auto, (max-width: 723px) 100vw, 723px\" \/><\/figure>\n\n\n\n<h3 class=\"wp-block-heading\">2. Des coop\u00e9ratives habitantes pour prot\u00e9ger le quartier<\/h3>\n\n\n\n<p>Les Ormes subissent d\u00e9j\u00e0 la pression fonci\u00e8re et les achats par regroupement de parcelles, au risque d\u2019effacer progressivement la diversit\u00e9 sociale du quartier.<br>Pour y r\u00e9pondre, nous proposons la cr\u00e9ation de <strong>coop\u00e9ratives habitantes<\/strong>, inspir\u00e9es des mod\u00e8les suisses. Les propri\u00e9taires mettent en commun leurs parcelles au sein d\u2019une structure collective \u00e0 but non lucratif. Chacun reste chez soi, mais b\u00e9n\u00e9ficie d\u2019une gestion mutualis\u00e9e, d\u2019un cadre de vie am\u00e9lior\u00e9 et d\u2019une r\u00e9elle protection contre la sp\u00e9culation.<br>Ce dispositif, rendu possible en France par la loi ALUR, devient un outil puissant pour agir \u00e0 l\u2019\u00e9chelle de l\u2019\u00eelot et redonner aux habitants la ma\u00eetrise de leur avenir.<\/p>\n\n\n\n<figure class=\"wp-block-image size-large\"><img loading=\"lazy\" decoding=\"async\" width=\"723\" height=\"1024\" src=\"https:\/\/scan-architecture.com\/wp-content\/uploads\/2025\/12\/EUROPAN-PAGE-3-1-723x1024.jpg\" alt=\"\" class=\"wp-image-180\" srcset=\"https:\/\/scan-architecture.com\/wp-content\/uploads\/2025\/12\/EUROPAN-PAGE-3-1-723x1024.jpg 723w, https:\/\/scan-architecture.com\/wp-content\/uploads\/2025\/12\/EUROPAN-PAGE-3-1-212x300.jpg 212w, https:\/\/scan-architecture.com\/wp-content\/uploads\/2025\/12\/EUROPAN-PAGE-3-1-768x1087.jpg 768w, https:\/\/scan-architecture.com\/wp-content\/uploads\/2025\/12\/EUROPAN-PAGE-3-1-1085x1536.jpg 1085w, https:\/\/scan-architecture.com\/wp-content\/uploads\/2025\/12\/EUROPAN-PAGE-3-1-1446x2048.jpg 1446w, https:\/\/scan-architecture.com\/wp-content\/uploads\/2025\/12\/EUROPAN-PAGE-3-1-scaled.jpg 1808w\" sizes=\"auto, (max-width: 723px) 100vw, 723px\" \/><\/figure>\n\n\n\n<p><strong>3. Trois \u00e9chelles d\u2019action : individuelle, collective, publique<\/strong><\/p>\n\n\n\n<p>La r\u00e9silience du quartier repose sur une gouvernance partag\u00e9e :<\/p>\n\n\n\n<p><strong>\u00c0 l\u2019\u00e9chelle individuelle<\/strong>, chaque habitant peut participer \u00e0 l\u2019entretien des espaces, partager outils et savoir-faire, et contribuer \u00e0 une culture du \u00ab faire ensemble \u00bb.<\/p>\n\n\n\n<p><strong>\u00c0 l\u2019\u00e9chelle collective<\/strong>, les coop\u00e9ratives coordonnent les petits chantiers, encadrent les formes b\u00e2ties, valorisent les espaces verts et soutiennent les projets d\u2019entraide.<\/p>\n\n\n\n<p><strong>\u00c0 l\u2019\u00e9chelle publique<\/strong>, la ville accompagne cette dynamique : mise \u00e0 disposition de ressources, soutien technique, cr\u00e9ation d\u2019un lieu-pilote type \u00ab Maison des Coop\u00e9ratives \u00bb, et reconnaissance des \u00eelots comme terrains d\u2019innovation locale.<\/p>\n\n\n\n<figure class=\"wp-block-image size-large\"><img loading=\"lazy\" decoding=\"async\" width=\"1024\" height=\"495\" src=\"https:\/\/scan-architecture.com\/wp-content\/uploads\/2025\/12\/Vue-01-avec-arbres-1024x495.png\" alt=\"\" class=\"wp-image-182\" srcset=\"https:\/\/scan-architecture.com\/wp-content\/uploads\/2025\/12\/Vue-01-avec-arbres-1024x495.png 1024w, https:\/\/scan-architecture.com\/wp-content\/uploads\/2025\/12\/Vue-01-avec-arbres-300x145.png 300w, https:\/\/scan-architecture.com\/wp-content\/uploads\/2025\/12\/Vue-01-avec-arbres-768x371.png 768w, https:\/\/scan-architecture.com\/wp-content\/uploads\/2025\/12\/Vue-01-avec-arbres.png 1476w\" sizes=\"auto, (max-width: 1024px) 100vw, 1024px\" \/><\/figure>\n\n\n\n<p><strong>Conclusion <\/strong><\/p>\n\n\n\n<p>En combinant ces trois leviers \u2014 urbanisme l\u00e9ger, coop\u00e9ratives habitantes et gouvernance partag\u00e9e \u2014 les Ormes peuvent devenir un quartier pionnier : un territoire qui ne subit pas le changement, mais le fabrique collectivement. Une approche qui pourrait inspirer d\u2019autres quartiers confront\u00e9s aux m\u00eames d\u00e9fis de transition et de vuln\u00e9rabilit\u00e9.<\/p>\n","protected":false},"excerpt":{"rendered":"<p>EUROPAN 18 &#8211; Mention sp\u00e9ciale MOA : Europan 18 \/ Romainville (93)Programme : Concours d\u2019id\u00e9eSurface : Le quartier des OrmesLivraison : 2025Prix : Mention sp\u00e9ciale du juryEquipe : Vincent Hannebert, Laetitia Roggeman, Th\u00e9o Mahut Re-sourcer le quartier des Ormes : vers une fabrique coop\u00e9rative de la r\u00e9silience. Face \u00e0 la rar\u00e9faction des ressources et \u00e0 [&hellip;]<\/p>\n","protected":false},"author":1,"featured_media":0,"parent":0,"menu_order":0,"comment_status":"closed","ping_status":"closed","template":"","meta":{"footnotes":""},"class_list":["post-172","page","type-page","status-publish","hentry"],"yoast_head":"<!-- This site is optimized with the Yoast SEO plugin v25.6 - https:\/\/yoast.com\/wordpress\/plugins\/seo\/ -->\n<title>IT TAKES A VILLAGE -<\/title>\n<meta name=\"robots\" content=\"index, follow, max-snippet:-1, max-image-preview:large, max-video-preview:-1\" \/>\n<link rel=\"canonical\" href=\"https:\/\/scan-architecture.com\/index.php\/it-takes-a-village\/\" \/>\n<meta property=\"og:locale\" content=\"en_US\" \/>\n<meta property=\"og:type\" content=\"article\" \/>\n<meta property=\"og:title\" content=\"IT TAKES A VILLAGE -\" \/>\n<meta property=\"og:description\" content=\"EUROPAN 18 &#8211; Mention sp\u00e9ciale MOA : Europan 18 \/ Romainville (93)Programme : Concours d\u2019id\u00e9eSurface : Le quartier des OrmesLivraison : 2025Prix : Mention sp\u00e9ciale du juryEquipe : Vincent Hannebert, Laetitia Roggeman, Th\u00e9o Mahut Re-sourcer le quartier des Ormes : vers une fabrique coop\u00e9rative de la r\u00e9silience. Face \u00e0 la rar\u00e9faction des ressources et \u00e0 [&hellip;]\" \/>\n<meta property=\"og:url\" content=\"https:\/\/scan-architecture.com\/index.php\/it-takes-a-village\/\" \/>\n<meta property=\"article:modified_time\" content=\"2025-12-10T09:28:18+00:00\" \/>\n<meta property=\"og:image\" content=\"https:\/\/scan-architecture.com\/wp-content\/uploads\/2025\/12\/gros-poisson-petit-poisson-2fa5cg8.png\" \/>\n\t<meta property=\"og:image:width\" content=\"1300\" \/>\n\t<meta property=\"og:image:height\" content=\"572\" \/>\n\t<meta property=\"og:image:type\" content=\"image\/png\" \/>\n<meta name=\"twitter:card\" content=\"summary_large_image\" \/>\n<meta name=\"twitter:label1\" content=\"Est. reading time\" \/>\n\t<meta name=\"twitter:data1\" content=\"4 minutes\" \/>\n<script type=\"application\/ld+json\" class=\"yoast-schema-graph\">{\"@context\":\"https:\/\/schema.org\",\"@graph\":[{\"@type\":\"WebPage\",\"@id\":\"https:\/\/scan-architecture.com\/index.php\/it-takes-a-village\/\",\"url\":\"https:\/\/scan-architecture.com\/index.php\/it-takes-a-village\/\",\"name\":\"IT TAKES A VILLAGE -\",\"isPartOf\":{\"@id\":\"https:\/\/scan-architecture.com\/#website\"},\"primaryImageOfPage\":{\"@id\":\"https:\/\/scan-architecture.com\/index.php\/it-takes-a-village\/#primaryimage\"},\"image\":{\"@id\":\"https:\/\/scan-architecture.com\/index.php\/it-takes-a-village\/#primaryimage\"},\"thumbnailUrl\":\"https:\/\/scan-architecture.com\/wp-content\/uploads\/2025\/12\/gros-poisson-petit-poisson-2fa5cg8-1024x451.png\",\"datePublished\":\"2025-12-10T08:28:47+00:00\",\"dateModified\":\"2025-12-10T09:28:18+00:00\",\"breadcrumb\":{\"@id\":\"https:\/\/scan-architecture.com\/index.php\/it-takes-a-village\/#breadcrumb\"},\"inLanguage\":\"en-US\",\"potentialAction\":[{\"@type\":\"ReadAction\",\"target\":[\"https:\/\/scan-architecture.com\/index.php\/it-takes-a-village\/\"]}]},{\"@type\":\"ImageObject\",\"inLanguage\":\"en-US\",\"@id\":\"https:\/\/scan-architecture.com\/index.php\/it-takes-a-village\/#primaryimage\",\"url\":\"https:\/\/scan-architecture.com\/wp-content\/uploads\/2025\/12\/gros-poisson-petit-poisson-2fa5cg8.png\",\"contentUrl\":\"https:\/\/scan-architecture.com\/wp-content\/uploads\/2025\/12\/gros-poisson-petit-poisson-2fa5cg8.png\",\"width\":1300,\"height\":572},{\"@type\":\"BreadcrumbList\",\"@id\":\"https:\/\/scan-architecture.com\/index.php\/it-takes-a-village\/#breadcrumb\",\"itemListElement\":[{\"@type\":\"ListItem\",\"position\":1,\"name\":\"Home\",\"item\":\"https:\/\/scan-architecture.com\/\"},{\"@type\":\"ListItem\",\"position\":2,\"name\":\"IT TAKES A VILLAGE\"}]},{\"@type\":\"WebSite\",\"@id\":\"https:\/\/scan-architecture.com\/#website\",\"url\":\"https:\/\/scan-architecture.com\/\",\"name\":\"SCAN Architecture\",\"description\":\"L&#039;atelier d&#039;architecture SCAN - Vincent HANNEBERT\",\"publisher\":{\"@id\":\"https:\/\/scan-architecture.com\/#organization\"},\"potentialAction\":[{\"@type\":\"SearchAction\",\"target\":{\"@type\":\"EntryPoint\",\"urlTemplate\":\"https:\/\/scan-architecture.com\/?s={search_term_string}\"},\"query-input\":{\"@type\":\"PropertyValueSpecification\",\"valueRequired\":true,\"valueName\":\"search_term_string\"}}],\"inLanguage\":\"en-US\"},{\"@type\":\"Organization\",\"@id\":\"https:\/\/scan-architecture.com\/#organization\",\"name\":\"SCAN Architecture\",\"url\":\"https:\/\/scan-architecture.com\/\",\"logo\":{\"@type\":\"ImageObject\",\"inLanguage\":\"en-US\",\"@id\":\"https:\/\/scan-architecture.com\/#\/schema\/logo\/image\/\",\"url\":\"https:\/\/scan-architecture.com\/wp-content\/uploads\/2025\/07\/SL1_CURA-3.jpg\",\"contentUrl\":\"https:\/\/scan-architecture.com\/wp-content\/uploads\/2025\/07\/SL1_CURA-3.jpg\",\"width\":1662,\"height\":2500,\"caption\":\"SCAN Architecture\"},\"image\":{\"@id\":\"https:\/\/scan-architecture.com\/#\/schema\/logo\/image\/\"}}]}<\/script>\n<!-- \/ Yoast SEO plugin. -->","yoast_head_json":{"title":"IT TAKES A VILLAGE -","robots":{"index":"index","follow":"follow","max-snippet":"max-snippet:-1","max-image-preview":"max-image-preview:large","max-video-preview":"max-video-preview:-1"},"canonical":"https:\/\/scan-architecture.com\/index.php\/it-takes-a-village\/","og_locale":"en_US","og_type":"article","og_title":"IT TAKES A VILLAGE -","og_description":"EUROPAN 18 &#8211; Mention sp\u00e9ciale MOA : Europan 18 \/ Romainville (93)Programme : Concours d\u2019id\u00e9eSurface : Le quartier des OrmesLivraison : 2025Prix : Mention sp\u00e9ciale du juryEquipe : Vincent Hannebert, Laetitia Roggeman, Th\u00e9o Mahut Re-sourcer le quartier des Ormes : vers une fabrique coop\u00e9rative de la r\u00e9silience. Face \u00e0 la rar\u00e9faction des ressources et \u00e0 [&hellip;]","og_url":"https:\/\/scan-architecture.com\/index.php\/it-takes-a-village\/","article_modified_time":"2025-12-10T09:28:18+00:00","og_image":[{"width":1300,"height":572,"url":"https:\/\/scan-architecture.com\/wp-content\/uploads\/2025\/12\/gros-poisson-petit-poisson-2fa5cg8.png","type":"image\/png"}],"twitter_card":"summary_large_image","twitter_misc":{"Est. reading time":"4 minutes"},"schema":{"@context":"https:\/\/schema.org","@graph":[{"@type":"WebPage","@id":"https:\/\/scan-architecture.com\/index.php\/it-takes-a-village\/","url":"https:\/\/scan-architecture.com\/index.php\/it-takes-a-village\/","name":"IT TAKES A VILLAGE -","isPartOf":{"@id":"https:\/\/scan-architecture.com\/#website"},"primaryImageOfPage":{"@id":"https:\/\/scan-architecture.com\/index.php\/it-takes-a-village\/#primaryimage"},"image":{"@id":"https:\/\/scan-architecture.com\/index.php\/it-takes-a-village\/#primaryimage"},"thumbnailUrl":"https:\/\/scan-architecture.com\/wp-content\/uploads\/2025\/12\/gros-poisson-petit-poisson-2fa5cg8-1024x451.png","datePublished":"2025-12-10T08:28:47+00:00","dateModified":"2025-12-10T09:28:18+00:00","breadcrumb":{"@id":"https:\/\/scan-architecture.com\/index.php\/it-takes-a-village\/#breadcrumb"},"inLanguage":"en-US","potentialAction":[{"@type":"ReadAction","target":["https:\/\/scan-architecture.com\/index.php\/it-takes-a-village\/"]}]},{"@type":"ImageObject","inLanguage":"en-US","@id":"https:\/\/scan-architecture.com\/index.php\/it-takes-a-village\/#primaryimage","url":"https:\/\/scan-architecture.com\/wp-content\/uploads\/2025\/12\/gros-poisson-petit-poisson-2fa5cg8.png","contentUrl":"https:\/\/scan-architecture.com\/wp-content\/uploads\/2025\/12\/gros-poisson-petit-poisson-2fa5cg8.png","width":1300,"height":572},{"@type":"BreadcrumbList","@id":"https:\/\/scan-architecture.com\/index.php\/it-takes-a-village\/#breadcrumb","itemListElement":[{"@type":"ListItem","position":1,"name":"Home","item":"https:\/\/scan-architecture.com\/"},{"@type":"ListItem","position":2,"name":"IT TAKES A VILLAGE"}]},{"@type":"WebSite","@id":"https:\/\/scan-architecture.com\/#website","url":"https:\/\/scan-architecture.com\/","name":"SCAN Architecture","description":"L&#039;atelier d&#039;architecture SCAN - Vincent HANNEBERT","publisher":{"@id":"https:\/\/scan-architecture.com\/#organization"},"potentialAction":[{"@type":"SearchAction","target":{"@type":"EntryPoint","urlTemplate":"https:\/\/scan-architecture.com\/?s={search_term_string}"},"query-input":{"@type":"PropertyValueSpecification","valueRequired":true,"valueName":"search_term_string"}}],"inLanguage":"en-US"},{"@type":"Organization","@id":"https:\/\/scan-architecture.com\/#organization","name":"SCAN Architecture","url":"https:\/\/scan-architecture.com\/","logo":{"@type":"ImageObject","inLanguage":"en-US","@id":"https:\/\/scan-architecture.com\/#\/schema\/logo\/image\/","url":"https:\/\/scan-architecture.com\/wp-content\/uploads\/2025\/07\/SL1_CURA-3.jpg","contentUrl":"https:\/\/scan-architecture.com\/wp-content\/uploads\/2025\/07\/SL1_CURA-3.jpg","width":1662,"height":2500,"caption":"SCAN Architecture"},"image":{"@id":"https:\/\/scan-architecture.com\/#\/schema\/logo\/image\/"}}]}},"_links":{"self":[{"href":"https:\/\/scan-architecture.com\/index.php\/wp-json\/wp\/v2\/pages\/172","targetHints":{"allow":["GET"]}}],"collection":[{"href":"https:\/\/scan-architecture.com\/index.php\/wp-json\/wp\/v2\/pages"}],"about":[{"href":"https:\/\/scan-architecture.com\/index.php\/wp-json\/wp\/v2\/types\/page"}],"author":[{"embeddable":true,"href":"https:\/\/scan-architecture.com\/index.php\/wp-json\/wp\/v2\/users\/1"}],"replies":[{"embeddable":true,"href":"https:\/\/scan-architecture.com\/index.php\/wp-json\/wp\/v2\/comments?post=172"}],"version-history":[{"count":5,"href":"https:\/\/scan-architecture.com\/index.php\/wp-json\/wp\/v2\/pages\/172\/revisions"}],"predecessor-version":[{"id":199,"href":"https:\/\/scan-architecture.com\/index.php\/wp-json\/wp\/v2\/pages\/172\/revisions\/199"}],"wp:attachment":[{"href":"https:\/\/scan-architecture.com\/index.php\/wp-json\/wp\/v2\/media?parent=172"}],"curies":[{"name":"wp","href":"https:\/\/api.w.org\/{rel}","templated":true}]}}