{"id":120,"date":"2025-12-08T22:09:23","date_gmt":"2025-12-08T21:09:23","guid":{"rendered":"https:\/\/scan-architecture.com\/?page_id=120"},"modified":"2025-12-08T22:10:06","modified_gmt":"2025-12-08T21:10:06","slug":"padels-couverts","status":"publish","type":"page","link":"https:\/\/scan-architecture.com\/index.php\/padels-couverts\/","title":{"rendered":"Padels couverts"},"content":{"rendered":"\n<p><\/p>\n\n\n\n<p><strong>Commune de Soufflenheim (67)<\/strong><br>Construction de deux courts de padel couverts<br>Ma\u00eetrise d\u2019Ouvrage\u00a0: Commune de Soufflenheim<br>Mandataire\u00a0: AAMR<br>R\u00f4le\u00a0: Architecte sous-traitant en charge du suivi de chantier<\/p>\n\n\n\n<figure class=\"wp-block-image size-large\"><img loading=\"lazy\" decoding=\"async\" width=\"1024\" height=\"585\" src=\"https:\/\/scan-architecture.com\/wp-content\/uploads\/2025\/12\/Axo-Comm-02-1024x585.png\" alt=\"\" class=\"wp-image-126\" srcset=\"https:\/\/scan-architecture.com\/wp-content\/uploads\/2025\/12\/Axo-Comm-02-1024x585.png 1024w, https:\/\/scan-architecture.com\/wp-content\/uploads\/2025\/12\/Axo-Comm-02-300x171.png 300w, https:\/\/scan-architecture.com\/wp-content\/uploads\/2025\/12\/Axo-Comm-02-768x439.png 768w, https:\/\/scan-architecture.com\/wp-content\/uploads\/2025\/12\/Axo-Comm-02.png 1461w\" sizes=\"auto, (max-width: 1024px) 100vw, 1024px\" \/><\/figure>\n\n\n\n<p>Je r\u00e9alise actuellement le suivi de chantier pour la construction de deux courts de padel couverts \u00e0 Soufflenheim (67), en sous-traitance de l&#8217;agence d&#8217;Architecture MORIN-ROUCH\u00c8RE. Le projet, command\u00e9 par la commune de Soufflenheim, consiste en la cr\u00e9ation d&#8217;un b\u00e2timent sportif de 28 m\u00e8tres sur 23, class\u00e9 ERP 5\u00e8me cat\u00e9gorie. L&#8217;implantation du b\u00e2timent sur l&#8217;emplacement d&#8217;un vieux terrain de tennis existant permet de r\u00e9utiliser cette surface comme fondation et support des nouveaux terrains. Elle permet \u00e9galement une r\u00e9duction de 70% l&#8217;artificialisation du sol, principal d\u00e9fi des \u00e9quipements sportifs neufs actuellement. Le b\u00e9ton poreux doubl\u00e9 d&#8217;une noue paysag\u00e8re permet par ailleurs de garantir une gestion des eaux \u00e0 la parcelle.<\/p>\n\n\n\n<figure class=\"wp-block-image size-large\"><img loading=\"lazy\" decoding=\"async\" width=\"1024\" height=\"724\" src=\"https:\/\/scan-architecture.com\/wp-content\/uploads\/2025\/12\/SOUFFLENHEIM-004-1-1024x724.jpg\" alt=\"\" class=\"wp-image-124\" srcset=\"https:\/\/scan-architecture.com\/wp-content\/uploads\/2025\/12\/SOUFFLENHEIM-004-1-1024x724.jpg 1024w, https:\/\/scan-architecture.com\/wp-content\/uploads\/2025\/12\/SOUFFLENHEIM-004-1-300x212.jpg 300w, https:\/\/scan-architecture.com\/wp-content\/uploads\/2025\/12\/SOUFFLENHEIM-004-1-768x543.jpg 768w, https:\/\/scan-architecture.com\/wp-content\/uploads\/2025\/12\/SOUFFLENHEIM-004-1-1536x1086.jpg 1536w, https:\/\/scan-architecture.com\/wp-content\/uploads\/2025\/12\/SOUFFLENHEIM-004-1-2048x1448.jpg 2048w\" sizes=\"auto, (max-width: 1024px) 100vw, 1024px\" \/><\/figure>\n\n\n\n<p>L&#8217;ouvrage se caract\u00e9rise par une structure en portiques aluminium anodis\u00e9, une couverture et trois fa\u00e7ades ouvertes en partie basse en membrane textile PVC, ainsi qu&#8217;une fa\u00e7ade compl\u00e8te en bardage m\u00e9tallique double-peau isol\u00e9 acoustiquement. Les deux terrains de Padel sont r\u00e9alis\u00e9s en b\u00e9ton poreux selon les normes de la F\u00e9d\u00e9ration Fran\u00e7aise de Tennis, avec un \u00e9clairage LED performant. Le b\u00e2timent repose sur le sol de mani\u00e8re extr\u00eamement l\u00e9g\u00e8re, via 18 micropieux de 25cm de diam\u00e8tre. La commune de Soufflenheim est internationalement r\u00e9put\u00e9e  pour ses poteries, historiquement produite dans le village. Le sol est donc riche en poches d&#8217;argiles, ce qui a \u00e9galement influ\u00e9 sur le choix des fondations.<\/p>\n\n\n\n<figure class=\"wp-block-image size-large\"><img loading=\"lazy\" decoding=\"async\" width=\"1024\" height=\"724\" src=\"https:\/\/scan-architecture.com\/wp-content\/uploads\/2025\/12\/SOUFFLENHEIM-005-1024x724.jpg\" alt=\"\" class=\"wp-image-125\" srcset=\"https:\/\/scan-architecture.com\/wp-content\/uploads\/2025\/12\/SOUFFLENHEIM-005-1024x724.jpg 1024w, https:\/\/scan-architecture.com\/wp-content\/uploads\/2025\/12\/SOUFFLENHEIM-005-300x212.jpg 300w, https:\/\/scan-architecture.com\/wp-content\/uploads\/2025\/12\/SOUFFLENHEIM-005-768x543.jpg 768w, https:\/\/scan-architecture.com\/wp-content\/uploads\/2025\/12\/SOUFFLENHEIM-005-1536x1086.jpg 1536w, https:\/\/scan-architecture.com\/wp-content\/uploads\/2025\/12\/SOUFFLENHEIM-005-2048x1448.jpg 2048w\" sizes=\"auto, (max-width: 1024px) 100vw, 1024px\" \/><\/figure>\n\n\n\n<p>La mission de suivi consiste \u00e0 coordonner l\u2019ensemble des cinq lots \u2014 VRD, Gros-\u0152uvre, B\u00e2timent, \u00c9lectricit\u00e9 et \u00c9quipements sportifs \u2014 au rythme de r\u00e9unions hebdomadaires. Elle englobe le contr\u00f4le rigoureux de la conformit\u00e9 des travaux aux CCTP et aux plans d\u2019ex\u00e9cution, la gestion des interfaces techniques entre corps d\u2019\u00e9tat, ainsi que la conduite des \u00e9changes avec l\u2019APAVE, en charge du contr\u00f4le technique, et le coordonnateur SPS. L\u2019op\u00e9ration requiert une attention soutenue sur les responsabilit\u00e9s contractuelles de chaque intervenant et sur le respect des d\u00e9lais de transmission des pi\u00e8ces d\u2019ex\u00e9cution, enjeux d\u00e9terminants pour la tenue du calendrier global.<\/p>\n\n\n\n<p>Voici quelques photos du chantier :<\/p>\n\n\n\n<figure class=\"wp-block-image size-large\"><img loading=\"lazy\" decoding=\"async\" width=\"1024\" height=\"724\" src=\"https:\/\/scan-architecture.com\/wp-content\/uploads\/2025\/12\/SOUFFLENHEIM-00-1024x724.jpg\" alt=\"\" class=\"wp-image-123\" srcset=\"https:\/\/scan-architecture.com\/wp-content\/uploads\/2025\/12\/SOUFFLENHEIM-00-1024x724.jpg 1024w, https:\/\/scan-architecture.com\/wp-content\/uploads\/2025\/12\/SOUFFLENHEIM-00-300x212.jpg 300w, https:\/\/scan-architecture.com\/wp-content\/uploads\/2025\/12\/SOUFFLENHEIM-00-768x543.jpg 768w, https:\/\/scan-architecture.com\/wp-content\/uploads\/2025\/12\/SOUFFLENHEIM-00-1536x1086.jpg 1536w, https:\/\/scan-architecture.com\/wp-content\/uploads\/2025\/12\/SOUFFLENHEIM-00-2048x1448.jpg 2048w\" sizes=\"auto, (max-width: 1024px) 100vw, 1024px\" \/><\/figure>\n\n\n\n<ul class=\"wp-block-list\">\n<li>Forage des micropieux<\/li>\n<\/ul>\n\n\n\n<figure class=\"wp-block-image size-large\"><img loading=\"lazy\" decoding=\"async\" width=\"1024\" height=\"724\" src=\"https:\/\/scan-architecture.com\/wp-content\/uploads\/2025\/12\/SOUFFLENHEIM-002-1024x724.jpg\" alt=\"\" class=\"wp-image-127\" srcset=\"https:\/\/scan-architecture.com\/wp-content\/uploads\/2025\/12\/SOUFFLENHEIM-002-1024x724.jpg 1024w, https:\/\/scan-architecture.com\/wp-content\/uploads\/2025\/12\/SOUFFLENHEIM-002-300x212.jpg 300w, https:\/\/scan-architecture.com\/wp-content\/uploads\/2025\/12\/SOUFFLENHEIM-002-768x543.jpg 768w, https:\/\/scan-architecture.com\/wp-content\/uploads\/2025\/12\/SOUFFLENHEIM-002-1536x1086.jpg 1536w, https:\/\/scan-architecture.com\/wp-content\/uploads\/2025\/12\/SOUFFLENHEIM-002-2048x1448.jpg 2048w\" sizes=\"auto, (max-width: 1024px) 100vw, 1024px\" \/><\/figure>\n\n\n\n<ul class=\"wp-block-list\">\n<li>Ma\u00e7onnerie des t\u00eates de massifs<\/li>\n\n\n\n<li>Fixation des platines<\/li>\n\n\n\n<li>livraison de la charpente en aluminium<\/li>\n<\/ul>\n\n\n\n<figure class=\"wp-block-image size-large\"><img loading=\"lazy\" decoding=\"async\" width=\"1024\" height=\"724\" src=\"https:\/\/scan-architecture.com\/wp-content\/uploads\/2025\/12\/SOUFFLENHEIM-003-1024x724.jpg\" alt=\"\" class=\"wp-image-128\" srcset=\"https:\/\/scan-architecture.com\/wp-content\/uploads\/2025\/12\/SOUFFLENHEIM-003-1024x724.jpg 1024w, https:\/\/scan-architecture.com\/wp-content\/uploads\/2025\/12\/SOUFFLENHEIM-003-300x212.jpg 300w, https:\/\/scan-architecture.com\/wp-content\/uploads\/2025\/12\/SOUFFLENHEIM-003-768x543.jpg 768w, https:\/\/scan-architecture.com\/wp-content\/uploads\/2025\/12\/SOUFFLENHEIM-003-1536x1086.jpg 1536w, https:\/\/scan-architecture.com\/wp-content\/uploads\/2025\/12\/SOUFFLENHEIM-003-2048x1448.jpg 2048w\" sizes=\"auto, (max-width: 1024px) 100vw, 1024px\" \/><\/figure>\n\n\n\n<ul class=\"wp-block-list\">\n<li>Montage de la charpente en une semaine<\/li>\n\n\n\n<li>Entoilage et r\u00e9glage minutieux des tirants<\/li>\n\n\n\n<li>Montage de la paroi acoustique nord, type panneau sandwich<\/li>\n<\/ul>\n\n\n\n<p>La livraison est pr\u00e9vue pour mars 2026.<\/p>\n","protected":false},"excerpt":{"rendered":"<p>Commune de Soufflenheim (67)Construction de deux courts de padel couvertsMa\u00eetrise d\u2019Ouvrage\u00a0: Commune de SoufflenheimMandataire\u00a0: AAMRR\u00f4le\u00a0: Architecte sous-traitant en charge du suivi de chantier Je r\u00e9alise actuellement le suivi de chantier pour la construction de deux courts de padel couverts \u00e0 Soufflenheim (67), en sous-traitance de l&#8217;agence d&#8217;Architecture MORIN-ROUCH\u00c8RE. Le projet, command\u00e9 par la commune de [&hellip;]<\/p>\n","protected":false},"author":1,"featured_media":0,"parent":0,"menu_order":0,"comment_status":"closed","ping_status":"closed","template":"","meta":{"footnotes":""},"class_list":["post-120","page","type-page","status-publish","hentry"],"yoast_head":"<!-- This site is optimized with the Yoast SEO plugin v25.6 - https:\/\/yoast.com\/wordpress\/plugins\/seo\/ -->\n<title>Padels couverts -<\/title>\n<meta name=\"robots\" content=\"index, follow, max-snippet:-1, max-image-preview:large, max-video-preview:-1\" \/>\n<link rel=\"canonical\" href=\"https:\/\/scan-architecture.com\/index.php\/padels-couverts\/\" \/>\n<meta property=\"og:locale\" content=\"en_US\" \/>\n<meta property=\"og:type\" content=\"article\" \/>\n<meta property=\"og:title\" content=\"Padels couverts -\" \/>\n<meta property=\"og:description\" content=\"Commune de Soufflenheim (67)Construction de deux courts de padel couvertsMa\u00eetrise d\u2019Ouvrage\u00a0: Commune de SoufflenheimMandataire\u00a0: AAMRR\u00f4le\u00a0: Architecte sous-traitant en charge du suivi de chantier Je r\u00e9alise actuellement le suivi de chantier pour la construction de deux courts de padel couverts \u00e0 Soufflenheim (67), en sous-traitance de l&#8217;agence d&#8217;Architecture MORIN-ROUCH\u00c8RE. Le projet, command\u00e9 par la commune de [&hellip;]\" \/>\n<meta property=\"og:url\" content=\"https:\/\/scan-architecture.com\/index.php\/padels-couverts\/\" \/>\n<meta property=\"article:modified_time\" content=\"2025-12-08T21:10:06+00:00\" \/>\n<meta property=\"og:image\" content=\"https:\/\/scan-architecture.com\/wp-content\/uploads\/2025\/12\/Axo-Comm-02.png\" \/>\n\t<meta property=\"og:image:width\" content=\"1461\" \/>\n\t<meta property=\"og:image:height\" content=\"835\" \/>\n\t<meta property=\"og:image:type\" content=\"image\/png\" \/>\n<meta name=\"twitter:card\" content=\"summary_large_image\" \/>\n<meta name=\"twitter:label1\" content=\"Est. reading time\" \/>\n\t<meta name=\"twitter:data1\" content=\"3 minutes\" \/>\n<script type=\"application\/ld+json\" class=\"yoast-schema-graph\">{\"@context\":\"https:\/\/schema.org\",\"@graph\":[{\"@type\":\"WebPage\",\"@id\":\"https:\/\/scan-architecture.com\/index.php\/padels-couverts\/\",\"url\":\"https:\/\/scan-architecture.com\/index.php\/padels-couverts\/\",\"name\":\"Padels couverts -\",\"isPartOf\":{\"@id\":\"https:\/\/scan-architecture.com\/#website\"},\"primaryImageOfPage\":{\"@id\":\"https:\/\/scan-architecture.com\/index.php\/padels-couverts\/#primaryimage\"},\"image\":{\"@id\":\"https:\/\/scan-architecture.com\/index.php\/padels-couverts\/#primaryimage\"},\"thumbnailUrl\":\"https:\/\/scan-architecture.com\/wp-content\/uploads\/2025\/12\/Axo-Comm-02-1024x585.png\",\"datePublished\":\"2025-12-08T21:09:23+00:00\",\"dateModified\":\"2025-12-08T21:10:06+00:00\",\"breadcrumb\":{\"@id\":\"https:\/\/scan-architecture.com\/index.php\/padels-couverts\/#breadcrumb\"},\"inLanguage\":\"en-US\",\"potentialAction\":[{\"@type\":\"ReadAction\",\"target\":[\"https:\/\/scan-architecture.com\/index.php\/padels-couverts\/\"]}]},{\"@type\":\"ImageObject\",\"inLanguage\":\"en-US\",\"@id\":\"https:\/\/scan-architecture.com\/index.php\/padels-couverts\/#primaryimage\",\"url\":\"https:\/\/scan-architecture.com\/wp-content\/uploads\/2025\/12\/Axo-Comm-02.png\",\"contentUrl\":\"https:\/\/scan-architecture.com\/wp-content\/uploads\/2025\/12\/Axo-Comm-02.png\",\"width\":1461,\"height\":835},{\"@type\":\"BreadcrumbList\",\"@id\":\"https:\/\/scan-architecture.com\/index.php\/padels-couverts\/#breadcrumb\",\"itemListElement\":[{\"@type\":\"ListItem\",\"position\":1,\"name\":\"Home\",\"item\":\"https:\/\/scan-architecture.com\/\"},{\"@type\":\"ListItem\",\"position\":2,\"name\":\"Padels couverts\"}]},{\"@type\":\"WebSite\",\"@id\":\"https:\/\/scan-architecture.com\/#website\",\"url\":\"https:\/\/scan-architecture.com\/\",\"name\":\"SCAN Architecture\",\"description\":\"L&#039;atelier d&#039;architecture SCAN - Vincent HANNEBERT\",\"publisher\":{\"@id\":\"https:\/\/scan-architecture.com\/#organization\"},\"potentialAction\":[{\"@type\":\"SearchAction\",\"target\":{\"@type\":\"EntryPoint\",\"urlTemplate\":\"https:\/\/scan-architecture.com\/?s={search_term_string}\"},\"query-input\":{\"@type\":\"PropertyValueSpecification\",\"valueRequired\":true,\"valueName\":\"search_term_string\"}}],\"inLanguage\":\"en-US\"},{\"@type\":\"Organization\",\"@id\":\"https:\/\/scan-architecture.com\/#organization\",\"name\":\"SCAN Architecture\",\"url\":\"https:\/\/scan-architecture.com\/\",\"logo\":{\"@type\":\"ImageObject\",\"inLanguage\":\"en-US\",\"@id\":\"https:\/\/scan-architecture.com\/#\/schema\/logo\/image\/\",\"url\":\"https:\/\/scan-architecture.com\/wp-content\/uploads\/2025\/07\/SL1_CURA-3.jpg\",\"contentUrl\":\"https:\/\/scan-architecture.com\/wp-content\/uploads\/2025\/07\/SL1_CURA-3.jpg\",\"width\":1662,\"height\":2500,\"caption\":\"SCAN Architecture\"},\"image\":{\"@id\":\"https:\/\/scan-architecture.com\/#\/schema\/logo\/image\/\"}}]}<\/script>\n<!-- \/ Yoast SEO plugin. -->","yoast_head_json":{"title":"Padels couverts -","robots":{"index":"index","follow":"follow","max-snippet":"max-snippet:-1","max-image-preview":"max-image-preview:large","max-video-preview":"max-video-preview:-1"},"canonical":"https:\/\/scan-architecture.com\/index.php\/padels-couverts\/","og_locale":"en_US","og_type":"article","og_title":"Padels couverts -","og_description":"Commune de Soufflenheim (67)Construction de deux courts de padel couvertsMa\u00eetrise d\u2019Ouvrage\u00a0: Commune de SoufflenheimMandataire\u00a0: AAMRR\u00f4le\u00a0: Architecte sous-traitant en charge du suivi de chantier Je r\u00e9alise actuellement le suivi de chantier pour la construction de deux courts de padel couverts \u00e0 Soufflenheim (67), en sous-traitance de l&#8217;agence d&#8217;Architecture MORIN-ROUCH\u00c8RE. Le projet, command\u00e9 par la commune de [&hellip;]","og_url":"https:\/\/scan-architecture.com\/index.php\/padels-couverts\/","article_modified_time":"2025-12-08T21:10:06+00:00","og_image":[{"width":1461,"height":835,"url":"https:\/\/scan-architecture.com\/wp-content\/uploads\/2025\/12\/Axo-Comm-02.png","type":"image\/png"}],"twitter_card":"summary_large_image","twitter_misc":{"Est. reading time":"3 minutes"},"schema":{"@context":"https:\/\/schema.org","@graph":[{"@type":"WebPage","@id":"https:\/\/scan-architecture.com\/index.php\/padels-couverts\/","url":"https:\/\/scan-architecture.com\/index.php\/padels-couverts\/","name":"Padels couverts -","isPartOf":{"@id":"https:\/\/scan-architecture.com\/#website"},"primaryImageOfPage":{"@id":"https:\/\/scan-architecture.com\/index.php\/padels-couverts\/#primaryimage"},"image":{"@id":"https:\/\/scan-architecture.com\/index.php\/padels-couverts\/#primaryimage"},"thumbnailUrl":"https:\/\/scan-architecture.com\/wp-content\/uploads\/2025\/12\/Axo-Comm-02-1024x585.png","datePublished":"2025-12-08T21:09:23+00:00","dateModified":"2025-12-08T21:10:06+00:00","breadcrumb":{"@id":"https:\/\/scan-architecture.com\/index.php\/padels-couverts\/#breadcrumb"},"inLanguage":"en-US","potentialAction":[{"@type":"ReadAction","target":["https:\/\/scan-architecture.com\/index.php\/padels-couverts\/"]}]},{"@type":"ImageObject","inLanguage":"en-US","@id":"https:\/\/scan-architecture.com\/index.php\/padels-couverts\/#primaryimage","url":"https:\/\/scan-architecture.com\/wp-content\/uploads\/2025\/12\/Axo-Comm-02.png","contentUrl":"https:\/\/scan-architecture.com\/wp-content\/uploads\/2025\/12\/Axo-Comm-02.png","width":1461,"height":835},{"@type":"BreadcrumbList","@id":"https:\/\/scan-architecture.com\/index.php\/padels-couverts\/#breadcrumb","itemListElement":[{"@type":"ListItem","position":1,"name":"Home","item":"https:\/\/scan-architecture.com\/"},{"@type":"ListItem","position":2,"name":"Padels couverts"}]},{"@type":"WebSite","@id":"https:\/\/scan-architecture.com\/#website","url":"https:\/\/scan-architecture.com\/","name":"SCAN Architecture","description":"L&#039;atelier d&#039;architecture SCAN - Vincent HANNEBERT","publisher":{"@id":"https:\/\/scan-architecture.com\/#organization"},"potentialAction":[{"@type":"SearchAction","target":{"@type":"EntryPoint","urlTemplate":"https:\/\/scan-architecture.com\/?s={search_term_string}"},"query-input":{"@type":"PropertyValueSpecification","valueRequired":true,"valueName":"search_term_string"}}],"inLanguage":"en-US"},{"@type":"Organization","@id":"https:\/\/scan-architecture.com\/#organization","name":"SCAN Architecture","url":"https:\/\/scan-architecture.com\/","logo":{"@type":"ImageObject","inLanguage":"en-US","@id":"https:\/\/scan-architecture.com\/#\/schema\/logo\/image\/","url":"https:\/\/scan-architecture.com\/wp-content\/uploads\/2025\/07\/SL1_CURA-3.jpg","contentUrl":"https:\/\/scan-architecture.com\/wp-content\/uploads\/2025\/07\/SL1_CURA-3.jpg","width":1662,"height":2500,"caption":"SCAN Architecture"},"image":{"@id":"https:\/\/scan-architecture.com\/#\/schema\/logo\/image\/"}}]}},"_links":{"self":[{"href":"https:\/\/scan-architecture.com\/index.php\/wp-json\/wp\/v2\/pages\/120","targetHints":{"allow":["GET"]}}],"collection":[{"href":"https:\/\/scan-architecture.com\/index.php\/wp-json\/wp\/v2\/pages"}],"about":[{"href":"https:\/\/scan-architecture.com\/index.php\/wp-json\/wp\/v2\/types\/page"}],"author":[{"embeddable":true,"href":"https:\/\/scan-architecture.com\/index.php\/wp-json\/wp\/v2\/users\/1"}],"replies":[{"embeddable":true,"href":"https:\/\/scan-architecture.com\/index.php\/wp-json\/wp\/v2\/comments?post=120"}],"version-history":[{"count":3,"href":"https:\/\/scan-architecture.com\/index.php\/wp-json\/wp\/v2\/pages\/120\/revisions"}],"predecessor-version":[{"id":131,"href":"https:\/\/scan-architecture.com\/index.php\/wp-json\/wp\/v2\/pages\/120\/revisions\/131"}],"wp:attachment":[{"href":"https:\/\/scan-architecture.com\/index.php\/wp-json\/wp\/v2\/media?parent=120"}],"curies":[{"name":"wp","href":"https:\/\/api.w.org\/{rel}","templated":true}]}}